{"id":14029,"date":"2020-04-13T14:12:02","date_gmt":"2020-04-13T12:12:02","guid":{"rendered":"https:\/\/www.strasser-markt.at\/einkaufen\/?page_id=14029"},"modified":"2020-04-13T14:29:57","modified_gmt":"2020-04-13T12:29:57","slug":"regional","status":"publish","type":"page","link":"https:\/\/www.strasser-markt.at\/einkaufen\/regional\/","title":{"rendered":"Regional"},"content":{"rendered":"<div class=\"wpb-content-wrapper\"><p>[vc_row css=&#8220;.vc_custom_1586780995296{margin-top: 30px !important;}&#8220;][vc_column width=&#8220;1\/2&#8243;][vc_custom_heading text=&#8220;Regionalit\u00e4t&#8220;][vc_column_text]<\/p>\n<ul>\n<li>Gelebte Regionalit\u00e4t, Fleisch, Brot Gem\u00fcse, Nudeln, Eier uvm von Produzenten aus unserer Region<\/li>\n<li>Genussland Mitglied<\/li>\n<li>Gut sortierte Bier- und Weinabteilung, beim Bier finden Sie \u00fcber 50 Sorten in unserer Getr\u00e4nkeabteilung<\/li>\n<li>Wir produzieren seit Jahrzehnten selber Speck in unserer Selch am Pirlhof<\/li>\n<\/ul>\n<p>[\/vc_column_text][vc_custom_heading text=&#8220;T\u00e4glich frisch&#8220;][vc_column_text]<\/p>\n<ul>\n<li><img loading=\"lazy\" decoding=\"async\" class=\"alignright size-medium wp-image-1203\" src=\"https:\/\/www.strasser-markt.at\/wp-content\/uploads\/2018\/11\/regional-300x211.jpg\" alt=\"\" width=\"300\" height=\"211\" \/>8 regionale B\u00e4cker liefern ihre Speziali\u00e4ten.<\/li>\n<li>5 regionale Eierbauern liefern ihre Spezialit\u00e4ten.<\/li>\n<li>Gustiono Fleisch von unseren regionalen Bauern.<\/li>\n<\/ul>\n<p>[\/vc_column_text][\/vc_column][vc_column width=&#8220;1\/2&#8243;][vc_custom_heading text=&#8220;Wie wir denken, wie wir handeln.&#8220;][vc_column_text]Regionale Verankerung ist f\u00fcr die Strassers mehr als nur ein modisches Schlagwort. Wir nehmen die Verantwortung als DER Nahversorger f\u00fcr unsere Kunden sehr ernst. Unsere Kundschaft steht immer im Vordergrund. Bei uns kauft man entspannt in einem famili\u00e4ren Umfeld ein. Dazu geh\u00f6rt ein freundliches \u201eGr\u00fc\u00df Gott!\u201c genauso wie kompetente Beratung und ein umfangreiches, individuelles Serviceangebot: Altger\u00e4teentsorgung, umfangreiche Garantieangebote f\u00fcr neue Ger\u00e4te und vieles Mehr schaffen ein einzigartiges Rundum-Sorglos-Paket.<\/p>\n<p><strong>Ein Fest f\u00fcr alle Sinne.<\/strong><\/p>\n<p>Nehmen wir an Sie planen ein Fest? Sch\u00f6n soll es werden aber wer k\u00fcmmert sich um die Ausstattung und die Kulinarik? Na wir! Strasser-Markt stellt Ihnen vom Essen \u00fcber die Garnituren bis hin zu Bierk\u00fchlern bzw. K\u00fchlschr\u00e4nken, der Getr\u00e4nke-Kommission und der Unterhaltungstechnik (PA-Anlage mit Mikrofon, TV, Beamer und Leinwand, alles zur Verf\u00fcgung damit Ihre Party ein unvergessliches Erlebnis wird.[\/vc_column_text][\/vc_column][\/vc_row][vc_row][vc_column][vc_separator color=&#8220;white&#8220; border_width=&#8220;7&#8243;][\/vc_column][\/vc_row]<\/p>\n<\/div>","protected":false},"excerpt":{"rendered":"<p>[vc_row css=&#8220;.vc_custom_1586780995296{margin-top: 30px !important;}&#8220;][vc_column width=&#8220;1\/2&#8243;][vc_custom_heading text=&#8220;Regionalit\u00e4t&#8220;][vc_column_text] Gelebte Regionalit\u00e4t, Fleisch, Brot Gem\u00fcse, Nudeln, Eier uvm von Produzenten aus unserer Region Genussland Mitglied Gut sortierte Bier- und Weinabteilung, beim Bier finden Sie \u00fcber 50 Sorten in unserer Getr\u00e4nkeabteilung Wir produzieren seit Jahrzehnten selber Speck in unserer Selch am Pirlhof [\/vc_column_text][vc_custom_heading text=&#8220;T\u00e4glich frisch&#8220;][vc_column_text] 8 regionale B\u00e4cker liefern ihre [&hellip;]<\/p>\n","protected":false},"author":1,"featured_media":0,"parent":0,"menu_order":0,"comment_status":"closed","ping_status":"closed","template":"","meta":{"footnotes":""},"class_list":["post-14029","page","type-page","status-publish","hentry"],"_links":{"self":[{"href":"https:\/\/www.strasser-markt.at\/einkaufen\/wp-json\/wp\/v2\/pages\/14029","targetHints":{"allow":["GET"]}}],"collection":[{"href":"https:\/\/www.strasser-markt.at\/einkaufen\/wp-json\/wp\/v2\/pages"}],"about":[{"href":"https:\/\/www.strasser-markt.at\/einkaufen\/wp-json\/wp\/v2\/types\/page"}],"author":[{"embeddable":true,"href":"https:\/\/www.strasser-markt.at\/einkaufen\/wp-json\/wp\/v2\/users\/1"}],"replies":[{"embeddable":true,"href":"https:\/\/www.strasser-markt.at\/einkaufen\/wp-json\/wp\/v2\/comments?post=14029"}],"version-history":[{"count":0,"href":"https:\/\/www.strasser-markt.at\/einkaufen\/wp-json\/wp\/v2\/pages\/14029\/revisions"}],"wp:attachment":[{"href":"https:\/\/www.strasser-markt.at\/einkaufen\/wp-json\/wp\/v2\/media?parent=14029"}],"curies":[{"name":"wp","href":"https:\/\/api.w.org\/{rel}","templated":true}]}}