{"id":14233,"date":"2020-04-20T14:57:18","date_gmt":"2020-04-20T12:57:18","guid":{"rendered":"https:\/\/www.strasser-markt.at\/einkaufen\/?page_id=14233"},"modified":"2020-04-20T15:00:34","modified_gmt":"2020-04-20T13:00:34","slug":"geht-net-gibts-net","status":"publish","type":"page","link":"https:\/\/www.strasser-markt.at\/einkaufen\/geht-net-gibts-net\/","title":{"rendered":"Geht net gibt&#8217;s net"},"content":{"rendered":"<div class=\"wpb-content-wrapper\"><p>[vc_row][vc_column width=&#8220;2\/3&#8243;][vc_column_text]<\/p>\n<h1>Ihr Beschaffungsprofi<\/h1>\n<p>In unseren Kategorien finden Sie ausgew\u00e4hlte Produkte mit besonderen Features wie erweiterte Garantie, spezielle Serviceabwicklung etc., welche wir weitgehendst lagernd haben.<\/p>\n<p>Die Beschaffung von weiteren Produkten anderer Hersteller k\u00f6nnen wir nat\u00fcrlich f\u00fcr fast alle Hersteller\/Marken\/Produkte anbieten \u2013 auch bei Beschaffungsware legen wir Wert auf Beratung!<\/p>\n<p>\u00dcber 30 Jahre Erfahrung in unserem breitgef\u00e4cherten Angebot sichern Ihnen auch Zufriedenheit bei jedem Kauf![\/vc_column_text][\/vc_column][vc_column width=&#8220;1\/3&#8243;][vc_single_image image=&#8220;13879&#8243; img_size=&#8220;300&#215;300&#8243;][\/vc_column][\/vc_row][vc_row][vc_column][vc_separator color=&#8220;white&#8220; border_width=&#8220;10&#8243;][vc_separator color=&#8220;white&#8220; border_width=&#8220;10&#8243;][\/vc_column][\/vc_row]<\/p>\n<\/div>","protected":false},"excerpt":{"rendered":"<p>[vc_row][vc_column width=&#8220;2\/3&#8243;][vc_column_text] Ihr Beschaffungsprofi In unseren Kategorien finden Sie ausgew\u00e4hlte Produkte mit besonderen Features wie erweiterte Garantie, spezielle Serviceabwicklung etc., welche wir weitgehendst lagernd haben. Die Beschaffung von weiteren Produkten anderer Hersteller k\u00f6nnen wir nat\u00fcrlich f\u00fcr fast alle Hersteller\/Marken\/Produkte anbieten \u2013 auch bei Beschaffungsware legen wir Wert auf Beratung! \u00dcber 30 Jahre Erfahrung in unserem [&hellip;]<\/p>\n","protected":false},"author":1,"featured_media":0,"parent":0,"menu_order":0,"comment_status":"closed","ping_status":"closed","template":"","meta":{"footnotes":""},"class_list":["post-14233","page","type-page","status-publish","hentry"],"_links":{"self":[{"href":"https:\/\/www.strasser-markt.at\/einkaufen\/wp-json\/wp\/v2\/pages\/14233","targetHints":{"allow":["GET"]}}],"collection":[{"href":"https:\/\/www.strasser-markt.at\/einkaufen\/wp-json\/wp\/v2\/pages"}],"about":[{"href":"https:\/\/www.strasser-markt.at\/einkaufen\/wp-json\/wp\/v2\/types\/page"}],"author":[{"embeddable":true,"href":"https:\/\/www.strasser-markt.at\/einkaufen\/wp-json\/wp\/v2\/users\/1"}],"replies":[{"embeddable":true,"href":"https:\/\/www.strasser-markt.at\/einkaufen\/wp-json\/wp\/v2\/comments?post=14233"}],"version-history":[{"count":5,"href":"https:\/\/www.strasser-markt.at\/einkaufen\/wp-json\/wp\/v2\/pages\/14233\/revisions"}],"predecessor-version":[{"id":14238,"href":"https:\/\/www.strasser-markt.at\/einkaufen\/wp-json\/wp\/v2\/pages\/14233\/revisions\/14238"}],"wp:attachment":[{"href":"https:\/\/www.strasser-markt.at\/einkaufen\/wp-json\/wp\/v2\/media?parent=14233"}],"curies":[{"name":"wp","href":"https:\/\/api.w.org\/{rel}","templated":true}]}}