{"id":14167,"date":"2020-04-15T09:15:17","date_gmt":"2020-04-15T07:15:17","guid":{"rendered":"https:\/\/www.strasser-markt.at\/einkaufen\/?post_type=product&#038;p=14167"},"modified":"2025-04-29T23:24:02","modified_gmt":"2025-04-29T21:24:02","slug":"kraenzle-hochdruckreiniger-k-1152-ts-t","status":"publish","type":"product","link":"https:\/\/www.strasser-markt.at\/einkaufen\/produkt\/kraenzle-hochdruckreiniger-k-1152-ts-t\/","title":{"rendered":"Kr\u00e4nzle Hochdruckreiniger K 1152 TS T"},"content":{"rendered":"<div class=\"ddBody\">Das besonders robuste und stabile Roto-Mold Fahrgestell ist gel\u00e4nde- und treppentauglich. Der Hochdruckreiniger Kr\u00e4nzle 1152 TS T verf\u00fcgt \u00fcber eine eingebaute Schlauchtrommel mit einem 15 Meter langen Stahlgewebe Hochdruckschlauch. Dieser kann mittels einer klappbaren Kurbel aufgerollt werden. Der Hochdruckreiniger ist mit einer Schmutzkillerlanze und einer Vario-Jet-Lanze mit Edelstahlrohr ausgestattet. Der Strahl ist stufenlos verstellbar &#8211; von einem Rund- zu einem Flachstrahl und von Hoch- zu Niederdruck. Der 1152 TS T verf\u00fcgt \u00fcber einen leistungsstarken 2.800 Watt Motor. Der Pumpendruck von 150 bar sorgt daf\u00fcr, dass bis zu 600 Liter Wasser pro Stunde bef\u00f6rdert werden k\u00f6nnen. Die Druck- und Mengenregulierung erfolgt stufenlos.<\/div>\n<div class=\"dropdown\">\n<div class=\"ddBody\">\n<div class=\"data\">\n<div class=\"row m-0 dataEntry\"><\/div>\n<\/div>\n<\/div>\n<\/div>\n<div class=\"dropdown bewertungsdropdown closed\">\n<div class=\"ddHead\"><\/div>\n<\/div>\n<p>*Druck: 30-130 bar<br \/>\n*F\u00f6rdermenge max.: 600 l\/h<br \/>\n*Spannung: 230 V<br \/>\n*Anschlussleistung: 2,8 kW<\/p>\n<p>Einiges an Kr\u00e4nzle Originalzubeh\u00f6r lagernd, z.b Ufo, Eingangsfilter, Lanzen, &#8230;<\/p>\n","protected":false},"excerpt":{"rendered":"<p>Das besonders robuste und stabile Roto-Mold Fahrgestell ist gel\u00e4nde- und treppentauglich. Der Hochdruckreiniger Kr\u00e4nzle 1152 TS T verf\u00fcgt \u00fcber eine eingebaute Schlauchtrommel mit einem 15 Meter langen Stahlgewebe Hochdruckschlauch. Dieser kann mittels einer klappbaren Kurbel aufgerollt werden. Der Hochdruckreiniger ist mit einer Schmutzkillerlanze und einer Vario-Jet-Lanze mit Edelstahlrohr ausgestattet. Der Strahl ist stufenlos verstellbar &#8211; [&hellip;]<\/p>\n","protected":false},"featured_media":14168,"template":"","meta":[],"product_brand":[],"product_cat":[152],"product_tag":[246,245,247],"class_list":{"0":"post-14167","1":"product","2":"type-product","3":"status-publish","4":"has-post-thumbnail","6":"product_cat-werkzeug","7":"product_tag-hochdruckreiniger","8":"product_tag-reinigen","9":"product_tag-terasse","11":"first","12":"instock","13":"shipping-taxable","14":"purchasable","15":"product-type-simple","16":"add-to-wishlist-after_add_to_cart"},"_links":{"self":[{"href":"https:\/\/www.strasser-markt.at\/einkaufen\/wp-json\/wp\/v2\/product\/14167","targetHints":{"allow":["GET"]}}],"collection":[{"href":"https:\/\/www.strasser-markt.at\/einkaufen\/wp-json\/wp\/v2\/product"}],"about":[{"href":"https:\/\/www.strasser-markt.at\/einkaufen\/wp-json\/wp\/v2\/types\/product"}],"wp:featuredmedia":[{"embeddable":true,"href":"https:\/\/www.strasser-markt.at\/einkaufen\/wp-json\/wp\/v2\/media\/14168"}],"wp:attachment":[{"href":"https:\/\/www.strasser-markt.at\/einkaufen\/wp-json\/wp\/v2\/media?parent=14167"}],"wp:term":[{"taxonomy":"product_brand","embeddable":true,"href":"https:\/\/www.strasser-markt.at\/einkaufen\/wp-json\/wp\/v2\/product_brand?post=14167"},{"taxonomy":"product_cat","embeddable":true,"href":"https:\/\/www.strasser-markt.at\/einkaufen\/wp-json\/wp\/v2\/product_cat?post=14167"},{"taxonomy":"product_tag","embeddable":true,"href":"https:\/\/www.strasser-markt.at\/einkaufen\/wp-json\/wp\/v2\/product_tag?post=14167"}],"curies":[{"name":"wp","href":"https:\/\/api.w.org\/{rel}","templated":true}]}}