{"id":14212,"date":"2020-04-15T11:10:33","date_gmt":"2020-04-15T09:10:33","guid":{"rendered":"https:\/\/www.strasser-markt.at\/einkaufen\/?post_type=product&#038;p=14212"},"modified":"2025-04-29T23:22:51","modified_gmt":"2025-04-29T21:22:51","slug":"mcled-led-anbauleuchte-gap-8-8-w-2700-k-weiss-schwarz","status":"publish","type":"product","link":"https:\/\/www.strasser-markt.at\/einkaufen\/produkt\/mcled-led-anbauleuchte-gap-8-8-w-2700-k-weiss-schwarz\/","title":{"rendered":"McLED LED Anbauleuchte Gap 8, 8 W 2700 K, Wei\u00df\/Schwarz"},"content":{"rendered":"<p class=\"description\">LED Anbauleuchte 8W Wei\u00df (equivalent 60W, Einsparung bis 86%), 230V, IP20, 2700K &#8211; warmes Wei\u00df, Lichtst\u00e4rke 520lm, Abstrahlwinkel 100\u00b0, Ra&gt;80, Lebensdauer bis 50.000std., A+, Abmessung \u00f8 90&#215;65, Aluminium\/Kunststoff, nicht dimmbar, PF&gt;0,5<\/p>\n","protected":false},"excerpt":{"rendered":"<p>LED Anbauleuchte 8W Wei\u00df (equivalent 60W, Einsparung bis 86%), 230V, IP20, 2700K &#8211; warmes Wei\u00df, Lichtst\u00e4rke 520lm, Abstrahlwinkel 100\u00b0, Ra&gt;80, Lebensdauer bis 50.000std., A+, Abmessung \u00f8 90&#215;65, Aluminium\/Kunststoff, nicht dimmbar, PF&gt;0,5<\/p>\n","protected":false},"featured_media":14214,"template":"","meta":[],"product_brand":[],"product_cat":[148],"product_tag":[242,159,164,243],"class_list":{"0":"post-14212","1":"product","2":"type-product","3":"status-publish","4":"has-post-thumbnail","6":"product_cat-licht","7":"product_tag-beleuchtung","8":"product_tag-energiesparen","9":"product_tag-led","10":"product_tag-licht","12":"first","13":"instock","14":"shipping-taxable","15":"purchasable","16":"product-type-simple","17":"add-to-wishlist-after_add_to_cart"},"_links":{"self":[{"href":"https:\/\/www.strasser-markt.at\/einkaufen\/wp-json\/wp\/v2\/product\/14212","targetHints":{"allow":["GET"]}}],"collection":[{"href":"https:\/\/www.strasser-markt.at\/einkaufen\/wp-json\/wp\/v2\/product"}],"about":[{"href":"https:\/\/www.strasser-markt.at\/einkaufen\/wp-json\/wp\/v2\/types\/product"}],"wp:featuredmedia":[{"embeddable":true,"href":"https:\/\/www.strasser-markt.at\/einkaufen\/wp-json\/wp\/v2\/media\/14214"}],"wp:attachment":[{"href":"https:\/\/www.strasser-markt.at\/einkaufen\/wp-json\/wp\/v2\/media?parent=14212"}],"wp:term":[{"taxonomy":"product_brand","embeddable":true,"href":"https:\/\/www.strasser-markt.at\/einkaufen\/wp-json\/wp\/v2\/product_brand?post=14212"},{"taxonomy":"product_cat","embeddable":true,"href":"https:\/\/www.strasser-markt.at\/einkaufen\/wp-json\/wp\/v2\/product_cat?post=14212"},{"taxonomy":"product_tag","embeddable":true,"href":"https:\/\/www.strasser-markt.at\/einkaufen\/wp-json\/wp\/v2\/product_tag?post=14212"}],"curies":[{"name":"wp","href":"https:\/\/api.w.org\/{rel}","templated":true}]}}