{"id":14385,"date":"2022-04-13T15:39:28","date_gmt":"2022-04-13T13:39:28","guid":{"rendered":"https:\/\/www.strasser-markt.at\/einkaufen\/?post_type=product&#038;p=14385"},"modified":"2023-10-23T14:46:37","modified_gmt":"2023-10-23T12:46:37","slug":"haerkila-venjan-fleecejacke","status":"publish","type":"product","link":"https:\/\/www.strasser-markt.at\/einkaufen\/produkt\/haerkila-venjan-fleecejacke\/","title":{"rendered":"H\u00e4rkila Venjan Fleecejacke"},"content":{"rendered":"<ul>\n<li>Windschutzleiste vorn mittig<\/li>\n<li>Brusttasche mit Rei\u00dfverschluss<\/li>\n<li>Seitentaschen mit Rei\u00dfverschluss<\/li>\n<li>Kordelzug f\u00fcr leichtes \u00d6ffnen<\/li>\n<\/ul>\n<ul>\n<li>Gr.: M \u2013 4XLWindschutzleiste vorn mittig<\/li>\n<\/ul>\n","protected":false},"excerpt":{"rendered":"<p>Hochwertige Jagdbekleidung f\u00fcr anspruchsvolle J\u00e4ger, das sind H\u00e4rkila und Seeland!<\/p>\n","protected":false},"featured_media":14386,"template":"","meta":[],"product_brand":[],"product_cat":[261],"product_tag":[],"class_list":{"0":"post-14385","1":"product","2":"type-product","3":"status-publish","4":"has-post-thumbnail","6":"product_cat-jagd","8":"first","9":"instock","10":"shipping-taxable","11":"purchasable","12":"product-type-simple","13":"add-to-wishlist-after_add_to_cart"},"_links":{"self":[{"href":"https:\/\/www.strasser-markt.at\/einkaufen\/wp-json\/wp\/v2\/product\/14385","targetHints":{"allow":["GET"]}}],"collection":[{"href":"https:\/\/www.strasser-markt.at\/einkaufen\/wp-json\/wp\/v2\/product"}],"about":[{"href":"https:\/\/www.strasser-markt.at\/einkaufen\/wp-json\/wp\/v2\/types\/product"}],"wp:featuredmedia":[{"embeddable":true,"href":"https:\/\/www.strasser-markt.at\/einkaufen\/wp-json\/wp\/v2\/media\/14386"}],"wp:attachment":[{"href":"https:\/\/www.strasser-markt.at\/einkaufen\/wp-json\/wp\/v2\/media?parent=14385"}],"wp:term":[{"taxonomy":"product_brand","embeddable":true,"href":"https:\/\/www.strasser-markt.at\/einkaufen\/wp-json\/wp\/v2\/product_brand?post=14385"},{"taxonomy":"product_cat","embeddable":true,"href":"https:\/\/www.strasser-markt.at\/einkaufen\/wp-json\/wp\/v2\/product_cat?post=14385"},{"taxonomy":"product_tag","embeddable":true,"href":"https:\/\/www.strasser-markt.at\/einkaufen\/wp-json\/wp\/v2\/product_tag?post=14385"}],"curies":[{"name":"wp","href":"https:\/\/api.w.org\/{rel}","templated":true}]}}