{"id":14490,"date":"2023-02-08T14:17:24","date_gmt":"2023-02-08T13:17:24","guid":{"rendered":"https:\/\/www.strasser-markt.at\/einkaufen\/?post_type=product&#038;p=14490"},"modified":"2025-04-29T23:24:17","modified_gmt":"2025-04-29T21:24:17","slug":"aeg-geschirrspueler-fes5396xzm","status":"publish","type":"product","link":"https:\/\/www.strasser-markt.at\/einkaufen\/produkt\/aeg-geschirrspueler-fes5396xzm\/","title":{"rendered":"AEG Geschirrsp\u00fcler FES5396XZM"},"content":{"rendered":"<ul>\n<li>5 Jahre Garantie<\/li>\n<li>Teilintegriert<\/li>\n<li>Besteckschublade<\/li>\n<li>AirDry \u2013 Automatische T\u00fcr\u00f6ffnung<\/li>\n<li>Sp\u00fclprogramme: 160 Minuten, 60 Minuten, 90 Minuten, AutoSense 50\u00b0- 60\u00b0C, Eco 50\u00b0C, Maschinenpflege, Quick 30 Minuten, Vorsp\u00fclen<\/li>\n<li>Inverter Motor<\/li>\n<li>Satelliten-Spr\u00fcharm<\/li>\n<li>Beidseitige Schnellh\u00f6henverstellung auch im beladenen Zustand<\/li>\n<li>Energieeffizienzklasse: D<\/li>\n<li>Warmwasseranschluss bis 60 \u00b0C<\/li>\n<li>Beladungserkennung Sensorlogic im AutoSense Programm<\/li>\n<li>AutoOff &#8211; Abschaltautomatik<\/li>\n<\/ul>\n","protected":false},"excerpt":{"rendered":"<p>5 Jahre Garantie Teilintegriert Besteckschublade AirDry \u2013 Automatische T\u00fcr\u00f6ffnung Sp\u00fclprogramme: 160 Minuten, 60 Minuten, 90 Minuten, AutoSense 50\u00b0- 60\u00b0C, Eco 50\u00b0C, Maschinenpflege, Quick 30 Minuten, Vorsp\u00fclen Inverter Motor Satelliten-Spr\u00fcharm Beidseitige Schnellh\u00f6henverstellung auch im beladenen Zustand Energieeffizienzklasse: D Warmwasseranschluss bis 60 \u00b0C Beladungserkennung Sensorlogic im AutoSense Programm AutoOff &#8211; Abschaltautomatik<\/p>\n","protected":false},"featured_media":14491,"template":"","meta":[],"product_brand":[],"product_cat":[143],"product_tag":[],"class_list":{"0":"post-14490","1":"product","2":"type-product","3":"status-publish","4":"has-post-thumbnail","6":"product_cat-elektro","8":"first","9":"outofstock","10":"sale","11":"shipping-taxable","12":"purchasable","13":"product-type-simple","14":"add-to-wishlist-after_add_to_cart"},"_links":{"self":[{"href":"https:\/\/www.strasser-markt.at\/einkaufen\/wp-json\/wp\/v2\/product\/14490","targetHints":{"allow":["GET"]}}],"collection":[{"href":"https:\/\/www.strasser-markt.at\/einkaufen\/wp-json\/wp\/v2\/product"}],"about":[{"href":"https:\/\/www.strasser-markt.at\/einkaufen\/wp-json\/wp\/v2\/types\/product"}],"wp:featuredmedia":[{"embeddable":true,"href":"https:\/\/www.strasser-markt.at\/einkaufen\/wp-json\/wp\/v2\/media\/14491"}],"wp:attachment":[{"href":"https:\/\/www.strasser-markt.at\/einkaufen\/wp-json\/wp\/v2\/media?parent=14490"}],"wp:term":[{"taxonomy":"product_brand","embeddable":true,"href":"https:\/\/www.strasser-markt.at\/einkaufen\/wp-json\/wp\/v2\/product_brand?post=14490"},{"taxonomy":"product_cat","embeddable":true,"href":"https:\/\/www.strasser-markt.at\/einkaufen\/wp-json\/wp\/v2\/product_cat?post=14490"},{"taxonomy":"product_tag","embeddable":true,"href":"https:\/\/www.strasser-markt.at\/einkaufen\/wp-json\/wp\/v2\/product_tag?post=14490"}],"curies":[{"name":"wp","href":"https:\/\/api.w.org\/{rel}","templated":true}]}}