{"id":14512,"date":"2023-06-07T12:00:00","date_gmt":"2023-06-07T10:00:00","guid":{"rendered":"https:\/\/www.strasser-markt.at\/einkaufen\/?post_type=product&#038;p=14512"},"modified":"2024-01-05T09:08:49","modified_gmt":"2024-01-05T08:08:49","slug":"napoleon-gas-griller-prestige-p500-schwarz","status":"publish","type":"product","link":"https:\/\/www.strasser-markt.at\/einkaufen\/produkt\/napoleon-gas-griller-prestige-p500-schwarz\/","title":{"rendered":"Napoleon Gasgriller Prestige P500 schwarz"},"content":{"rendered":"<ul>\n<li>Bis zu 25,7 kW auf 6 Brennern: 4 Edelstahl-Hauptbrenner, gro\u00dfer SIZZLE ZONE Infrarot-Seitenbrenner, Infrarot Heckbrenner aus Edelstahl.<\/li>\n<li>Hauptgrillfl\u00e4che: 71 x 46 cm<\/li>\n<li>Widerstandsf\u00e4hige, langlebige, Grillkammer aus Aluguss<\/li>\n<\/ul>\n","protected":false},"excerpt":{"rendered":"<p>Bis zu 25,7 kW auf 6 Brennern: 4 Edelstahl-Hauptbrenner, gro\u00dfer SIZZLE ZONE Infrarot-Seitenbrenner, Infrarot Heckbrenner aus Edelstahl. Hauptgrillfl\u00e4che: 71 x 46 cm Widerstandsf\u00e4hige, langlebige, Grillkammer aus Aluguss<\/p>\n","protected":false},"featured_media":14513,"template":"","meta":[],"product_brand":[],"product_cat":[193,145],"product_tag":[],"class_list":{"0":"post-14512","1":"product","2":"type-product","3":"status-publish","4":"has-post-thumbnail","6":"product_cat-gasgrill","7":"product_cat-grillen","9":"first","10":"instock","11":"shipping-taxable","12":"purchasable","13":"product-type-simple","14":"add-to-wishlist-after_add_to_cart"},"_links":{"self":[{"href":"https:\/\/www.strasser-markt.at\/einkaufen\/wp-json\/wp\/v2\/product\/14512","targetHints":{"allow":["GET"]}}],"collection":[{"href":"https:\/\/www.strasser-markt.at\/einkaufen\/wp-json\/wp\/v2\/product"}],"about":[{"href":"https:\/\/www.strasser-markt.at\/einkaufen\/wp-json\/wp\/v2\/types\/product"}],"wp:featuredmedia":[{"embeddable":true,"href":"https:\/\/www.strasser-markt.at\/einkaufen\/wp-json\/wp\/v2\/media\/14513"}],"wp:attachment":[{"href":"https:\/\/www.strasser-markt.at\/einkaufen\/wp-json\/wp\/v2\/media?parent=14512"}],"wp:term":[{"taxonomy":"product_brand","embeddable":true,"href":"https:\/\/www.strasser-markt.at\/einkaufen\/wp-json\/wp\/v2\/product_brand?post=14512"},{"taxonomy":"product_cat","embeddable":true,"href":"https:\/\/www.strasser-markt.at\/einkaufen\/wp-json\/wp\/v2\/product_cat?post=14512"},{"taxonomy":"product_tag","embeddable":true,"href":"https:\/\/www.strasser-markt.at\/einkaufen\/wp-json\/wp\/v2\/product_tag?post=14512"}],"curies":[{"name":"wp","href":"https:\/\/api.w.org\/{rel}","templated":true}]}}