{"id":14552,"date":"2023-07-04T16:33:13","date_gmt":"2023-07-04T14:33:13","guid":{"rendered":"https:\/\/www.strasser-markt.at\/einkaufen\/?post_type=product&#038;p=14552"},"modified":"2025-07-31T08:37:23","modified_gmt":"2025-07-31T06:37:23","slug":"scangrip-tower-5-connect-inkl-gratis-connector","status":"publish","type":"product","link":"https:\/\/www.strasser-markt.at\/einkaufen\/produkt\/scangrip-tower-5-connect-inkl-gratis-connector\/","title":{"rendered":"Scangrip Tower 5 CONNECT inkl. gratis Connector"},"content":{"rendered":"<h2>BAUSTRAHLER MIT 5000 LUMEN UND INTEGRIERTEM STATIV F\u00dcR 18\/20-V-AKKUPACKS<\/h2>\n<p>TOWER 5 CONNECT ist ein Stativ mit zwei eingebauten Flutlichtstrahler, die bis zu 5000 Lumen bieten.<\/p>\n<p>Die flexiblen Flutlichtstrahler sind f\u00fcr den optimalen Beleuchtungswinkel um 360\u00b0 drehbar und bieten somit die perfekte Ausleuchtung f\u00fcr Maler- und Installationsarbeiten.<\/p>\n<p>TOWER LITE 5 CONNECT ist bis zu 2 m h\u00f6henverstellbar und mit zwei Lichtstufen (50-100 %) kann man je nach Arbeitsaufgabe den Lichtstrom einstellen.<\/p>\n<p>TOWER 5 CONNECT ist kompatibel mit dem METABO \/ CAS Akkusystem 18 V\u00a0und allen anderen 18\/20-V-Akkupacks f\u00fchrender Elektrowerkzeugmarken durch Verwendung des Steckverbinders SCANGRIP CONNECTOR. Dar\u00fcber hinaus kann die Stromversorgung SCANGRIP POWER SUPPLY f\u00fcr unbegrenzte Lichtverf\u00fcgbarkeit auch direkt angeschlossen werden.<\/p>\n<h2>Schlankes Design und sehr leicht<\/h2>\n<p>TOWER 5 CONNECT ist mit dem SCHNELLFALTSYSTEM einfach in Sekunden aufzustellen und zusammenzufalten, wenn die Aufgabe erledigt ist. Im zusammengeklappten Zustand ist es kompakt und f\u00fcr den Einhandtransport mit dem integrierten Tragegriff ausgelegt. Durch die robuste, schlanke Bauweise und das geringe Gewicht von nur 5,2 kg ist es ma\u00dfgeschneidert f\u00fcr den Kofferraum und bequem von einem Einsatzort zum anderen zu transportieren<strong>.<\/strong><\/p>\n<h2>JUST CONNECT MIT SCANGRIP SMART CONNECTOR F\u00dcR ALLE 18\/20-V-AKKUPACKS<\/h2>\n<p>SMART CONNECTOR f\u00fcr die Verwendung von 18\/20-V-Akkupacks an SCANGRIP CONNECT-Arbeitsleuchten.<\/p>\n<p>Unabh\u00e4ngig davon, welche Elektrowerkzeugmarke\u00a0Sie bevorzugen, hat SCANGRIP f\u00fcr jede einzelne Marke einen ma\u00dfgeschneiderten CONNECTOR entwickelt, der zu 18\/20-V-Akkupacks passt. Montieren Sie einfach den CONNECTOR an die Arbeitsleuchte, schlie\u00dfen Sie Ihren Akku an und schon sind Sie einsatzbereit.<\/p>\n","protected":false},"excerpt":{"rendered":"<ul>\n<li>\n<div class=\"u-bold\">Lichtstrom max. (Lumen) 5000<\/div>\n<\/li>\n<li>\n<div class=\"u-bold\">Lichtstrom min. (Lumen) 2500<\/div>\n<\/li>\n<li>\n<div class=\"u-bold\">Betriebstemperatur -10 \u00b0C to +40 \u00b0C<\/div>\n<\/li>\n<li>\n<div class=\"u-bold\">Abstrahlwinkel 110\u00b0<\/div>\n<\/li>\n<li>Solange der Vorrat reicht!!<\/li>\n<\/ul>\n","protected":false},"featured_media":14553,"template":"","meta":[],"product_brand":[],"product_cat":[152],"product_tag":[],"class_list":{"0":"post-14552","1":"product","2":"type-product","3":"status-publish","4":"has-post-thumbnail","6":"product_cat-werkzeug","8":"first","9":"instock","10":"sale","11":"shipping-taxable","12":"purchasable","13":"product-type-simple","14":"add-to-wishlist-after_add_to_cart"},"_links":{"self":[{"href":"https:\/\/www.strasser-markt.at\/einkaufen\/wp-json\/wp\/v2\/product\/14552","targetHints":{"allow":["GET"]}}],"collection":[{"href":"https:\/\/www.strasser-markt.at\/einkaufen\/wp-json\/wp\/v2\/product"}],"about":[{"href":"https:\/\/www.strasser-markt.at\/einkaufen\/wp-json\/wp\/v2\/types\/product"}],"wp:featuredmedia":[{"embeddable":true,"href":"https:\/\/www.strasser-markt.at\/einkaufen\/wp-json\/wp\/v2\/media\/14553"}],"wp:attachment":[{"href":"https:\/\/www.strasser-markt.at\/einkaufen\/wp-json\/wp\/v2\/media?parent=14552"}],"wp:term":[{"taxonomy":"product_brand","embeddable":true,"href":"https:\/\/www.strasser-markt.at\/einkaufen\/wp-json\/wp\/v2\/product_brand?post=14552"},{"taxonomy":"product_cat","embeddable":true,"href":"https:\/\/www.strasser-markt.at\/einkaufen\/wp-json\/wp\/v2\/product_cat?post=14552"},{"taxonomy":"product_tag","embeddable":true,"href":"https:\/\/www.strasser-markt.at\/einkaufen\/wp-json\/wp\/v2\/product_tag?post=14552"}],"curies":[{"name":"wp","href":"https:\/\/api.w.org\/{rel}","templated":true}]}}