{"id":14606,"date":"2024-02-12T14:19:31","date_gmt":"2024-02-12T13:19:31","guid":{"rendered":"https:\/\/www.strasser-markt.at\/einkaufen\/?post_type=product&#038;p=14606"},"modified":"2025-04-29T23:24:17","modified_gmt":"2025-04-29T21:24:17","slug":"led-fluter-pad-30w-weiss-3000k-100cm-kabel","status":"publish","type":"product","link":"https:\/\/www.strasser-markt.at\/einkaufen\/produkt\/led-fluter-pad-30w-weiss-3000k-100cm-kabel\/","title":{"rendered":"LED Fluter Pad 30W, wei\u00df, 3000K 100cm Kabel"},"content":{"rendered":"<table id=\"product-attribute-specs-table\" class=\"data table additional-attributes\">\n<tbody>\n<tr>\n<th class=\"col label\" scope=\"row\">Artikelnummer<\/th>\n<td class=\"col data\" data-th=\"Artikelnummer\">115108<\/td>\n<\/tr>\n<tr>\n<th class=\"col label\" scope=\"row\">Produktbezeichnung<\/th>\n<td class=\"col data\" data-th=\"Produktbezeichnung\">LED Fluter Pad 30W, wei\u00df, 3000K 100cm Kabel<\/td>\n<\/tr>\n<tr>\n<th class=\"col label\" scope=\"row\">GTIN &#8211; EAN<\/th>\n<td class=\"col data\" data-th=\"GTIN - EAN\">9009377095962<\/td>\n<\/tr>\n<tr>\n<th class=\"col label\" scope=\"row\">Merkmale<\/th>\n<td class=\"col data\" data-th=\"Merkmale\"><img decoding=\"async\" class=\"entered loaded\" src=\"https:\/\/www.isoled.shop\/media\/wysiwyg\/grafik\/energieeffizienzlabels\/E_web.jpg\" alt=\" Energielabel E\" data-amsrc=\"https:\/\/www.isoled.shop\/media\/wysiwyg\/grafik\/energieeffizienzlabels\/E_web.jpg\" data-ll-status=\"loaded\" \/><img decoding=\"async\" class=\"entered loaded\" src=\"https:\/\/www.isoled.shop\/media\/wysiwyg\/grafik\/tabs\/garantie_2jahre.jpg\" alt=\"Icon Garantie\" data-amsrc=\"https:\/\/www.isoled.shop\/media\/wysiwyg\/grafik\/tabs\/garantie_2jahre.jpg\" data-ll-status=\"loaded\" \/><img decoding=\"async\" class=\"entered loaded\" src=\"https:\/\/www.isoled.shop\/media\/wysiwyg\/grafik\/icons\/geeignet_fuer_den_aussenbereich.jpg\" alt=\"Icon Geeignet f\u00fcr den Au\u00dfenbereich\" data-amsrc=\"https:\/\/www.isoled.shop\/media\/wysiwyg\/grafik\/icons\/geeignet_fuer_den_aussenbereich.jpg\" data-ll-status=\"loaded\" \/><img decoding=\"async\" class=\"entered loaded\" src=\"https:\/\/www.isoled.shop\/media\/wysiwyg\/grafik\/icons\/geeignet_zum_betrieb_an_notstrom.jpg\" alt=\"Icon Geeignet zum Betrieb an Notstrom\" data-amsrc=\"https:\/\/www.isoled.shop\/media\/wysiwyg\/grafik\/icons\/geeignet_zum_betrieb_an_notstrom.jpg\" data-ll-status=\"loaded\" \/><\/td>\n<\/tr>\n<tr>\n<th class=\"col label\" scope=\"row\">Bemessungsleistung<\/th>\n<td class=\"col data\" data-th=\"Bemessungsleistung\">31 W<\/td>\n<\/tr>\n<tr>\n<th class=\"col label\" scope=\"row\">Lichtstrom in Lumen<\/th>\n<td class=\"col data\" data-th=\"Lichtstrom in Lumen\">3020 lm<\/td>\n<\/tr>\n<tr>\n<th class=\"col label\" scope=\"row\">Farbtemperatur<\/th>\n<td class=\"col data\" data-th=\"Farbtemperatur\">3000K<\/td>\n<\/tr>\n<tr>\n<th class=\"col label\" scope=\"row\">CRI Ra<\/th>\n<td class=\"col data\" data-th=\"CRI Ra\">82<\/td>\n<\/tr>\n<tr>\n<th class=\"col label\" scope=\"row\">Abstrahlwinkel<\/th>\n<td class=\"col data\" data-th=\"Abstrahlwinkel\">120\u00b0<\/td>\n<\/tr>\n<tr>\n<th class=\"col label\" scope=\"row\">Abstrahlwinkeltyp<\/th>\n<td class=\"col data\" data-th=\"Abstrahlwinkeltyp\">fix<\/td>\n<\/tr>\n<tr>\n<th class=\"col label\" scope=\"row\">Dimmbar<\/th>\n<td class=\"col data\" data-th=\"Dimmbar\">Nein<\/td>\n<\/tr>\n<tr>\n<th class=\"col label\" scope=\"row\">Schutzart<\/th>\n<td class=\"col data\" data-th=\"Schutzart\">IP65<\/td>\n<\/tr>\n<tr>\n<th class=\"col label\" scope=\"row\">zul\u00e4ssige Umgebungstemp.<\/th>\n<td class=\"col data\" data-th=\"zul\u00e4ssige Umgebungstemp.\">-20\u00b0C &#8211; 40\u00b0C<\/td>\n<\/tr>\n<tr>\n<th class=\"col label\" scope=\"row\">Geh\u00e4usematerial<\/th>\n<td class=\"col data\" data-th=\"Geh\u00e4usematerial\">Aludruckguss<\/td>\n<\/tr>\n<tr>\n<th class=\"col label\" scope=\"row\">Geh\u00e4usefarbe<\/th>\n<td class=\"col data\" data-th=\"Geh\u00e4usefarbe\">wei\u00df<\/td>\n<\/tr>\n<tr>\n<th class=\"col label\" scope=\"row\">Gewicht in Gramm<\/th>\n<td class=\"col data\" data-th=\"Gewicht in Gramm\">762<\/td>\n<\/tr>\n<tr>\n<th class=\"col label\" scope=\"row\">L\u00e4nge in mm<\/th>\n<td class=\"col data\" data-th=\"L\u00e4nge in mm\">195,0<\/td>\n<\/tr>\n<tr>\n<th class=\"col label\" scope=\"row\">Breite in mm<\/th>\n<td class=\"col data\" data-th=\"Breite in mm\">140,0<\/td>\n<\/tr>\n<tr>\n<th class=\"col label\" scope=\"row\">H\u00f6he in mm<\/th>\n<td class=\"col data\" data-th=\"H\u00f6he in mm\">35,0<\/td>\n<\/tr>\n<tr>\n<th class=\"col label\" scope=\"row\">Nutzlebensdauer L70|B10 in Stunden<\/th>\n<td class=\"col data\" data-th=\"Nutzlebensdauer L70|B10 in Stunden\">53000<\/td>\n<\/tr>\n<tr>\n<th class=\"col label\" scope=\"row\">Nutzlebensdauer L70|B50 in Stunden<\/th>\n<td class=\"col data\" data-th=\"Nutzlebensdauer L70|B50 in Stunden\">80000<\/td>\n<\/tr>\n<tr>\n<th class=\"col label\" scope=\"row\">Nutzlebensdauer L80|B50 in Stunden<\/th>\n<td class=\"col data\" data-th=\"Nutzlebensdauer L80|B50 in Stunden\">70000<\/td>\n<\/tr>\n<tr>\n<th class=\"col label\" scope=\"row\">Garantie in Jahren<\/th>\n<td class=\"col data\" data-th=\"Garantie in Jahren\">2<\/td>\n<\/tr>\n<\/tbody>\n<\/table>\n","protected":false},"excerpt":{"rendered":"<p>Artikelnummer 115108 Produktbezeichnung LED Fluter Pad 30W, wei\u00df, 3000K 100cm Kabel GTIN &#8211; EAN 9009377095962 Merkmale Bemessungsleistung 31 W Lichtstrom in Lumen 3020 lm Farbtemperatur 3000K CRI Ra 82 Abstrahlwinkel 120\u00b0 Abstrahlwinkeltyp fix Dimmbar Nein Schutzart IP65 zul\u00e4ssige Umgebungstemp. -20\u00b0C &#8211; 40\u00b0C Geh\u00e4usematerial Aludruckguss Geh\u00e4usefarbe wei\u00df Gewicht in Gramm 762 L\u00e4nge in mm 195,0 Breite [&hellip;]<\/p>\n","protected":false},"featured_media":14608,"template":"","meta":[],"product_brand":[],"product_cat":[148],"product_tag":[],"class_list":{"0":"post-14606","1":"product","2":"type-product","3":"status-publish","4":"has-post-thumbnail","6":"product_cat-licht","8":"first","9":"instock","10":"sale","11":"shipping-taxable","12":"purchasable","13":"product-type-simple","14":"add-to-wishlist-after_add_to_cart"},"_links":{"self":[{"href":"https:\/\/www.strasser-markt.at\/einkaufen\/wp-json\/wp\/v2\/product\/14606","targetHints":{"allow":["GET"]}}],"collection":[{"href":"https:\/\/www.strasser-markt.at\/einkaufen\/wp-json\/wp\/v2\/product"}],"about":[{"href":"https:\/\/www.strasser-markt.at\/einkaufen\/wp-json\/wp\/v2\/types\/product"}],"wp:featuredmedia":[{"embeddable":true,"href":"https:\/\/www.strasser-markt.at\/einkaufen\/wp-json\/wp\/v2\/media\/14608"}],"wp:attachment":[{"href":"https:\/\/www.strasser-markt.at\/einkaufen\/wp-json\/wp\/v2\/media?parent=14606"}],"wp:term":[{"taxonomy":"product_brand","embeddable":true,"href":"https:\/\/www.strasser-markt.at\/einkaufen\/wp-json\/wp\/v2\/product_brand?post=14606"},{"taxonomy":"product_cat","embeddable":true,"href":"https:\/\/www.strasser-markt.at\/einkaufen\/wp-json\/wp\/v2\/product_cat?post=14606"},{"taxonomy":"product_tag","embeddable":true,"href":"https:\/\/www.strasser-markt.at\/einkaufen\/wp-json\/wp\/v2\/product_tag?post=14606"}],"curies":[{"name":"wp","href":"https:\/\/api.w.org\/{rel}","templated":true}]}}