{"id":14615,"date":"2024-02-12T14:40:06","date_gmt":"2024-02-12T13:40:06","guid":{"rendered":"https:\/\/www.strasser-markt.at\/einkaufen\/?post_type=product&#038;p=14615"},"modified":"2025-04-29T23:24:16","modified_gmt":"2025-04-29T21:24:16","slug":"led-wannenleuchte-sl-150cm-ip66-powerswitch-36-57w-140lm-w-4000k","status":"publish","type":"product","link":"https:\/\/www.strasser-markt.at\/einkaufen\/produkt\/led-wannenleuchte-sl-150cm-ip66-powerswitch-36-57w-140lm-w-4000k\/","title":{"rendered":"LED Wannenleuchte SL 150cm, IP66, PowerSwitch 36-57W, 140lm\/W, 4000K"},"content":{"rendered":"<table id=\"product-attribute-specs-table\" class=\"data table additional-attributes\">\n<tbody>\n<tr>\n<th class=\"col label\" scope=\"row\">Artikelnummer<\/th>\n<td class=\"col data\" data-th=\"Artikelnummer\">116389<\/td>\n<\/tr>\n<tr>\n<th class=\"col label\" scope=\"row\">Produktbezeichnung<\/th>\n<td class=\"col data\" data-th=\"Produktbezeichnung\">LED Wannenleuchte SL 150cm, IP66, PowerSwitch 36-57W, 140lm\/W, 4000K<\/td>\n<\/tr>\n<tr>\n<th class=\"col label\" scope=\"row\">GTIN &#8211; EAN<\/th>\n<td class=\"col data\" data-th=\"GTIN - EAN\">9009377159268<\/td>\n<\/tr>\n<tr>\n<th class=\"col label\" scope=\"row\">Merkmale<\/th>\n<td class=\"col data\" data-th=\"Merkmale\"><img decoding=\"async\" src=\"https:\/\/www.isoled.shop\/media\/wysiwyg\/grafik\/energieeffizienzlabels\/C_web.jpg\" alt=\" Energielabel C\" \/><img decoding=\"async\" src=\"https:\/\/www.isoled.shop\/media\/wysiwyg\/grafik\/tabs\/garantie_5jahre.jpg\" alt=\"Icon Garantie\" \/><img decoding=\"async\" src=\"https:\/\/www.isoled.shop\/media\/wysiwyg\/grafik\/icons\/sperrgut.jpg\" alt=\"Icon Sperrgut\" \/><img decoding=\"async\" src=\"https:\/\/www.isoled.shop\/media\/wysiwyg\/grafik\/icons\/geeignet_fuer_den_aussenbereich.jpg\" alt=\"Icon Geeignet f\u00fcr den Au\u00dfenbereich\" \/><img decoding=\"async\" src=\"https:\/\/www.isoled.shop\/media\/wysiwyg\/grafik\/icons\/geeignet_zum_betrieb_an_notstrom.jpg\" alt=\"Icon Geeignet zum Betrieb an Notstrom\" \/><img decoding=\"async\" src=\"https:\/\/www.isoled.shop\/media\/wysiwyg\/grafik\/icons\/d.jpg\" alt=\"Icon D\" \/><img decoding=\"async\" src=\"https:\/\/www.isoled.shop\/media\/wysiwyg\/grafik\/icons\/schutzklasse_1.jpg\" alt=\"Icon Schutzklasse 1\" \/><\/td>\n<\/tr>\n<tr>\n<th class=\"col label\" scope=\"row\">Wirkleistung<\/th>\n<td class=\"col data\" data-th=\"Wirkleistung\">57 W<\/td>\n<\/tr>\n<tr>\n<th class=\"col label\" scope=\"row\">Lichtstrom in Lumen<\/th>\n<td class=\"col data\" data-th=\"Lichtstrom in Lumen\">8000 lm<\/td>\n<\/tr>\n<tr>\n<th class=\"col label\" scope=\"row\">Farbtemperatur<\/th>\n<td class=\"col data\" data-th=\"Farbtemperatur\">4000K<\/td>\n<\/tr>\n<tr>\n<th class=\"col label\" scope=\"row\">CRI Ra<\/th>\n<td class=\"col data\" data-th=\"CRI Ra\">82<\/td>\n<\/tr>\n<tr>\n<th class=\"col label\" scope=\"row\">Abstrahlwinkel<\/th>\n<td class=\"col data\" data-th=\"Abstrahlwinkel\">120\u00b0<\/td>\n<\/tr>\n<tr>\n<th class=\"col label\" scope=\"row\">Abstrahlwinkeltyp<\/th>\n<td class=\"col data\" data-th=\"Abstrahlwinkeltyp\">fix<\/td>\n<\/tr>\n<tr>\n<th class=\"col label\" scope=\"row\">Dimmbar<\/th>\n<td class=\"col data\" data-th=\"Dimmbar\">Nein<\/td>\n<\/tr>\n<tr>\n<th class=\"col label\" scope=\"row\">Schutzart<\/th>\n<td class=\"col data\" data-th=\"Schutzart\">IP66<\/td>\n<\/tr>\n<tr>\n<th class=\"col label\" scope=\"row\">Au\u00dfenbereich<\/th>\n<td class=\"col data\" data-th=\"Au\u00dfenbereich\">Y<\/td>\n<\/tr>\n<tr>\n<th class=\"col label\" scope=\"row\">zul\u00e4ssige Umgebungstemp.<\/th>\n<td class=\"col data\" data-th=\"zul\u00e4ssige Umgebungstemp.\">-20\u00b0C &#8211; 40\u00b0C<\/td>\n<\/tr>\n<tr>\n<th class=\"col label\" scope=\"row\">Geh\u00e4usematerial<\/th>\n<td class=\"col data\" data-th=\"Geh\u00e4usematerial\">Kunststoff<\/td>\n<\/tr>\n<tr>\n<th class=\"col label\" scope=\"row\">Gewicht in Gramm<\/th>\n<td class=\"col data\" data-th=\"Gewicht in Gramm\">1830<\/td>\n<\/tr>\n<tr>\n<th class=\"col label\" scope=\"row\">L\u00e4nge in mm<\/th>\n<td class=\"col data\" data-th=\"L\u00e4nge in mm\">1465,0<\/td>\n<\/tr>\n<tr>\n<th class=\"col label\" scope=\"row\">Breite in mm<\/th>\n<td class=\"col data\" data-th=\"Breite in mm\">75,0<\/td>\n<\/tr>\n<tr>\n<th class=\"col label\" scope=\"row\">H\u00f6he in mm<\/th>\n<td class=\"col data\" data-th=\"H\u00f6he in mm\">81,0<\/td>\n<\/tr>\n<tr>\n<th class=\"col label\" scope=\"row\">Geeignet f\u00fcr feuergef\u00e4hrdete Betriebsst\u00e4tten<\/th>\n<td class=\"col data\" data-th=\"Geeignet f\u00fcr feuergef\u00e4hrdete Betriebsst\u00e4tten\">Y<\/td>\n<\/tr>\n<tr>\n<th class=\"col label\" scope=\"row\">Sto\u00df- und schlagfest<\/th>\n<td class=\"col data\" data-th=\"Sto\u00df- und schlagfest\">N<\/td>\n<\/tr>\n<tr>\n<th class=\"col label\" scope=\"row\">Nutzlebensdauer L70|B10 in Stunden<\/th>\n<td class=\"col data\" data-th=\"Nutzlebensdauer L70|B10 in Stunden\">52000<\/td>\n<\/tr>\n<tr>\n<th class=\"col label\" scope=\"row\">Nutzlebensdauer L70|B50 in Stunden<\/th>\n<td class=\"col data\" data-th=\"Nutzlebensdauer L70|B50 in Stunden\">78000<\/td>\n<\/tr>\n<tr>\n<th class=\"col label\" scope=\"row\">Nutzlebensdauer L80|B50 in Stunden<\/th>\n<td class=\"col data\" data-th=\"Nutzlebensdauer L80|B50 in Stunden\">68000<\/td>\n<\/tr>\n<tr>\n<th class=\"col label\" scope=\"row\">Garantie in Jahren<\/th>\n<td class=\"col data\" data-th=\"Garantie in Jahren\">5<\/td>\n<\/tr>\n<tr>\n<th class=\"col label\" scope=\"row\">Sperrgut<\/th>\n<td class=\"col data\" data-th=\"Sperrgut\">Y<\/td>\n<\/tr>\n<\/tbody>\n<\/table>\n","protected":false},"excerpt":{"rendered":"<p>Artikelnummer 116389 Produktbezeichnung LED Wannenleuchte SL 150cm, IP66, PowerSwitch 36-57W, 140lm\/W, 4000K GTIN &#8211; EAN 9009377159268 Merkmale Wirkleistung 57 W Lichtstrom in Lumen 8000 lm Farbtemperatur 4000K CRI Ra 82 Abstrahlwinkel 120\u00b0 Abstrahlwinkeltyp fix Dimmbar Nein Schutzart IP66 Au\u00dfenbereich Y zul\u00e4ssige Umgebungstemp. -20\u00b0C &#8211; 40\u00b0C Geh\u00e4usematerial Kunststoff Gewicht in Gramm 1830 L\u00e4nge in mm 1465,0 [&hellip;]<\/p>\n","protected":false},"featured_media":14616,"template":"","meta":[],"product_brand":[],"product_cat":[148],"product_tag":[],"class_list":{"0":"post-14615","1":"product","2":"type-product","3":"status-publish","4":"has-post-thumbnail","6":"product_cat-licht","8":"first","9":"instock","10":"sale","11":"shipping-taxable","12":"purchasable","13":"product-type-simple","14":"add-to-wishlist-after_add_to_cart"},"_links":{"self":[{"href":"https:\/\/www.strasser-markt.at\/einkaufen\/wp-json\/wp\/v2\/product\/14615","targetHints":{"allow":["GET"]}}],"collection":[{"href":"https:\/\/www.strasser-markt.at\/einkaufen\/wp-json\/wp\/v2\/product"}],"about":[{"href":"https:\/\/www.strasser-markt.at\/einkaufen\/wp-json\/wp\/v2\/types\/product"}],"wp:featuredmedia":[{"embeddable":true,"href":"https:\/\/www.strasser-markt.at\/einkaufen\/wp-json\/wp\/v2\/media\/14616"}],"wp:attachment":[{"href":"https:\/\/www.strasser-markt.at\/einkaufen\/wp-json\/wp\/v2\/media?parent=14615"}],"wp:term":[{"taxonomy":"product_brand","embeddable":true,"href":"https:\/\/www.strasser-markt.at\/einkaufen\/wp-json\/wp\/v2\/product_brand?post=14615"},{"taxonomy":"product_cat","embeddable":true,"href":"https:\/\/www.strasser-markt.at\/einkaufen\/wp-json\/wp\/v2\/product_cat?post=14615"},{"taxonomy":"product_tag","embeddable":true,"href":"https:\/\/www.strasser-markt.at\/einkaufen\/wp-json\/wp\/v2\/product_tag?post=14615"}],"curies":[{"name":"wp","href":"https:\/\/api.w.org\/{rel}","templated":true}]}}