{"id":14619,"date":"2024-02-26T16:46:34","date_gmt":"2024-02-26T15:46:34","guid":{"rendered":"https:\/\/www.strasser-markt.at\/einkaufen\/?post_type=product&#038;p=14619"},"modified":"2025-04-29T23:24:24","modified_gmt":"2025-04-29T21:24:24","slug":"nabo-side-by-side-kuehlschrank-sbm-5525","status":"publish","type":"product","link":"https:\/\/www.strasser-markt.at\/einkaufen\/produkt\/nabo-side-by-side-kuehlschrank-sbm-5525\/","title":{"rendered":"Nabo Side by Side K\u00fchlschrank SBM 5525"},"content":{"rendered":"<table class=\"gvi gvi-name-value font-name-value\">\n<tbody>\n<tr>\n<td class=\"font-h4\" colspan=\"2\">VERBRAUCHS-EIGENSCHAFTEN<\/td>\n<\/tr>\n<tr>\n<td class=\"name\">Angabe gem. EU-Verordnung 2019\/2016<\/td>\n<td class=\"value\"><img decoding=\"async\" src=\"https:\/\/www.baytronic.at\/content\/files\/icons\/confirm.png\" alt=\"\" data-src-original=\"all\" data-src=\"\/content\/files\/icons\/confirm.png\" \/><\/td>\n<\/tr>\n<tr>\n<td class=\"name\">Energieeffizienzklasse<\/td>\n<td class=\"value\">Energieeffizienzklasse D<\/td>\n<\/tr>\n<tr>\n<td class=\"name\">Energieeffizienzspektrum<\/td>\n<td class=\"value\">Spektrum [A bis G]<\/td>\n<\/tr>\n<tr>\n<td class=\"name\">Energieverbrauch in kWh\/Jahr<\/td>\n<td class=\"value\">255<\/td>\n<\/tr>\n<tr>\n<td class=\"name\">Energieverbrauch in 24 Std. (kWh)<\/td>\n<td class=\"value\">0,708<\/td>\n<\/tr>\n<tr>\n<td class=\"name\">220-240V 50\/60Hz Netzanschluss<\/td>\n<td class=\"value\"><img decoding=\"async\" src=\"https:\/\/www.baytronic.at\/content\/files\/icons\/confirm.png\" alt=\"\" data-src-original=\"all\" data-src=\"\/content\/files\/icons\/confirm.png\" \/><\/td>\n<\/tr>\n<tr>\n<td class=\"font-h4\" colspan=\"2\">LEISTUNGSEIGENSCHAFTEN<\/td>\n<\/tr>\n<tr>\n<td class=\"name\">Klimaklasse<\/td>\n<td class=\"value\">Klimaklasse SN\/ST<\/td>\n<\/tr>\n<tr>\n<td class=\"name\">wahlw. als Gefrier- o. K\u00fchlger\u00e4t nutzbar<\/td>\n<td class=\"value\"><img decoding=\"async\" src=\"https:\/\/www.baytronic.at\/content\/files\/icons\/confirm.png\" alt=\"\" data-src-original=\"all\" data-src=\"\/content\/files\/icons\/confirm.png\" \/><\/td>\n<\/tr>\n<tr>\n<td class=\"name\">Kaltlagerzone (ca. 0\u00b0C)<\/td>\n<td class=\"value\"><img decoding=\"async\" src=\"https:\/\/www.baytronic.at\/content\/files\/icons\/confirm.png\" alt=\"\" data-src-original=\"all\" data-src=\"\/content\/files\/icons\/confirm.png\" \/><\/td>\n<\/tr>\n<tr>\n<td class=\"name\">Multifunktionsfach mit w\u00e4hlb. Temp.<\/td>\n<td class=\"value\"><img decoding=\"async\" src=\"https:\/\/www.baytronic.at\/content\/files\/icons\/confirm.png\" alt=\"\" data-src-original=\"all\" data-src=\"\/content\/files\/icons\/confirm.png\" \/><\/td>\n<\/tr>\n<tr>\n<td class=\"name\">min. Temperatur (-\u00b0C)<\/td>\n<td class=\"value\">20<\/td>\n<\/tr>\n<tr>\n<td class=\"name\">max. Temperatur (\u00b0C)<\/td>\n<td class=\"value\">5<\/td>\n<\/tr>\n<tr>\n<td class=\"name\">Gefrierteil oben\/unten<\/td>\n<td class=\"value\">Gefrierteil unten<\/td>\n<\/tr>\n<tr>\n<td class=\"name\">Gefrierfach<\/td>\n<td class=\"value\">4-Sterne-Gefrierfach<\/td>\n<\/tr>\n<tr>\n<td class=\"name\">Gefrierverm\u00f6gen in 24 Std. (kg)<\/td>\n<td class=\"value\">13<\/td>\n<\/tr>\n<tr>\n<td class=\"name\">gesamter Nutzinhalt (l)<\/td>\n<td class=\"value\">522<\/td>\n<\/tr>\n<tr>\n<td class=\"name\">Nutzinhalt K\u00fchlraum (l)<\/td>\n<td class=\"value\">343<\/td>\n<\/tr>\n<tr>\n<td class=\"name\">davon Nutzinhalt Kaltlagerzone (l)<\/td>\n<td class=\"value\">16<\/td>\n<\/tr>\n<tr>\n<td class=\"name\">Nutzinhalt Gefrierfach (l)<\/td>\n<td class=\"value\">179<\/td>\n<\/tr>\n<tr>\n<td class=\"name\">Super-Gefrier\/Super-Frost-Funktion<\/td>\n<td class=\"value\"><img decoding=\"async\" src=\"https:\/\/www.baytronic.at\/content\/files\/icons\/confirm.png\" alt=\"\" data-src-original=\"all\" data-src=\"\/content\/files\/icons\/confirm.png\" \/><\/td>\n<\/tr>\n<tr>\n<td class=\"name\">No-Frost-Technik gegen Vereisung<\/td>\n<td class=\"value\"><img decoding=\"async\" src=\"https:\/\/www.baytronic.at\/content\/files\/icons\/confirm.png\" alt=\"\" data-src-original=\"all\" data-src=\"\/content\/files\/icons\/confirm.png\" \/><\/td>\n<\/tr>\n<tr>\n<td class=\"name\">Energiespar-Funktion<\/td>\n<td class=\"value\"><img decoding=\"async\" src=\"https:\/\/www.baytronic.at\/content\/files\/icons\/confirm.png\" alt=\"\" data-src-original=\"all\" data-src=\"\/content\/files\/icons\/confirm.png\" \/><\/td>\n<\/tr>\n<tr>\n<td class=\"name\">elektronische Temperaturregelung<\/td>\n<td class=\"value\"><img decoding=\"async\" src=\"https:\/\/www.baytronic.at\/content\/files\/icons\/confirm.png\" alt=\"\" data-src-original=\"all\" data-src=\"\/content\/files\/icons\/confirm.png\" \/><\/td>\n<\/tr>\n<tr>\n<td class=\"name\">Ger\u00e4usch-Schallleistung (dB)<\/td>\n<td class=\"value\">39<\/td>\n<\/tr>\n<tr>\n<td class=\"name\">Ger\u00e4uschemissionsklasse<\/td>\n<td class=\"value\">Ger\u00e4uschemissionsklasse C<\/td>\n<\/tr>\n<tr>\n<td class=\"font-h4\" colspan=\"2\">BEDIENUNG<\/td>\n<\/tr>\n<tr>\n<td class=\"name\">Temperaturanzeige<\/td>\n<td class=\"value\">Temperaturanzeige f. K\u00fchl- + Gefrierteil<\/td>\n<\/tr>\n<tr>\n<td class=\"name\">Ort der Temperaturanzeige<\/td>\n<td class=\"value\">Temperaturanzeige au\u00dfen<\/td>\n<\/tr>\n<tr>\n<td class=\"name\">Art der Temperaturanzeige<\/td>\n<td class=\"value\">Temperatur-Digital-Anzeige<\/td>\n<\/tr>\n<tr>\n<td class=\"name\">Temperaturwahl<\/td>\n<td class=\"value\">Temp. f\u00fcr Gefriert. unabh. vom K\u00fchlteil<\/td>\n<\/tr>\n<tr>\n<td class=\"name\">T\u00fcr offen-Warnsignal (Art)<\/td>\n<td class=\"value\">akustisches T\u00fcr offen-Warnsignal<\/td>\n<\/tr>\n<tr>\n<td class=\"name\">Abtauverfahren (K\u00fchlraum)<\/td>\n<td class=\"value\">Abtauautomatik im K\u00fchl- und Gefrierteil<\/td>\n<\/tr>\n<tr>\n<td class=\"name\">kindersichere Bedienelemente<\/td>\n<td class=\"value\"><img decoding=\"async\" src=\"https:\/\/www.baytronic.at\/content\/files\/icons\/confirm.png\" alt=\"\" data-src-original=\"all\" data-src=\"\/content\/files\/icons\/confirm.png\" \/><\/td>\n<\/tr>\n<tr>\n<td class=\"name\">Urlaubsschaltung f\u00fcr K\u00fchlraum<\/td>\n<td class=\"value\"><img decoding=\"async\" src=\"https:\/\/www.baytronic.at\/content\/files\/icons\/confirm.png\" alt=\"\" data-src-original=\"all\" data-src=\"\/content\/files\/icons\/confirm.png\" \/><\/td>\n<\/tr>\n<tr>\n<td class=\"font-h4\" colspan=\"2\">K\u00dcHLRAUM-AUSSTATTUNG<\/td>\n<\/tr>\n<tr>\n<td class=\"name\">Umluft-K\u00fchlen<\/td>\n<td class=\"value\"><img decoding=\"async\" src=\"https:\/\/www.baytronic.at\/content\/files\/icons\/confirm.png\" alt=\"\" data-src-original=\"all\" data-src=\"\/content\/files\/icons\/confirm.png\" \/><\/td>\n<\/tr>\n<tr>\n<td class=\"name\">LED-Innenraum-Beleuchtung<\/td>\n<td class=\"value\"><img decoding=\"async\" src=\"https:\/\/www.baytronic.at\/content\/files\/icons\/confirm.png\" alt=\"\" data-src-original=\"all\" data-src=\"\/content\/files\/icons\/confirm.png\" \/><\/td>\n<\/tr>\n<tr>\n<td class=\"name\">Metall-Innenr\u00fcckwand<\/td>\n<td class=\"value\"><img decoding=\"async\" src=\"https:\/\/www.baytronic.at\/content\/files\/icons\/confirm.png\" alt=\"\" data-src-original=\"all\" data-src=\"\/content\/files\/icons\/confirm.png\" \/><\/td>\n<\/tr>\n<tr>\n<td class=\"name\">Anzahl der Sicherheitsglasplatten<\/td>\n<td class=\"value\">2<\/td>\n<\/tr>\n<tr>\n<td class=\"name\">Anzahl der Gem\u00fcseschalen<\/td>\n<td class=\"value\">2<\/td>\n<\/tr>\n<tr>\n<td class=\"name\">Feuchteregelung f\u00fcr Gem\u00fcsefach<\/td>\n<td class=\"value\"><img decoding=\"async\" src=\"https:\/\/www.baytronic.at\/content\/files\/icons\/confirm.png\" alt=\"\" data-src-original=\"all\" data-src=\"\/content\/files\/icons\/confirm.png\" \/><\/td>\n<\/tr>\n<tr>\n<td class=\"font-h4\" colspan=\"2\">GEFRIERTEIL-AUSSTATTUNG<\/td>\n<\/tr>\n<tr>\n<td class=\"name\">Umluft<\/td>\n<td class=\"value\"><img decoding=\"async\" src=\"https:\/\/www.baytronic.at\/content\/files\/icons\/confirm.png\" alt=\"\" data-src-original=\"all\" data-src=\"\/content\/files\/icons\/confirm.png\" \/><\/td>\n<\/tr>\n<tr>\n<td class=\"name\">Anzahl F\u00e4cher\/Schubladen, gesamt<\/td>\n<td class=\"value\">6<\/td>\n<\/tr>\n<tr>\n<td class=\"name\">Anzahl der Schubladen<\/td>\n<td class=\"value\">2<\/td>\n<\/tr>\n<tr>\n<td class=\"name\">Anzahl der F\u00e4cher<\/td>\n<td class=\"value\">1<\/td>\n<\/tr>\n<tr>\n<td class=\"name\">Anzahl der Multifunktionsf\u00e4cher<\/td>\n<td class=\"value\">3<\/td>\n<\/tr>\n<tr>\n<td class=\"name\">transparente Gefrier-Schubf\u00e4cher<\/td>\n<td class=\"value\"><img decoding=\"async\" src=\"https:\/\/www.baytronic.at\/content\/files\/icons\/confirm.png\" alt=\"\" data-src-original=\"all\" data-src=\"\/content\/files\/icons\/confirm.png\" \/><\/td>\n<\/tr>\n<tr>\n<td class=\"font-h4\" colspan=\"2\">KALTLAGERZONEN-AUSSTATTUNG<\/td>\n<\/tr>\n<tr>\n<td class=\"name\">Anzahl der Kaltlagerf\u00e4cher (ca. )<\/td>\n<td class=\"value\">1<\/td>\n<\/tr>\n<tr>\n<td class=\"name\">Anzahl der Schubf\u00e4cher<\/td>\n<td class=\"value\">1<\/td>\n<\/tr>\n<tr>\n<td class=\"font-h4\" colspan=\"2\">K\u00dcHLSCHRANKT\u00dcR-AUSSTATTUNG<\/td>\n<\/tr>\n<tr>\n<td class=\"name\">Anzahl der T\u00fcrregale<\/td>\n<td class=\"value\">6<\/td>\n<\/tr>\n<tr>\n<td class=\"font-h4\" colspan=\"2\">ZUBEH\u00d6R<\/td>\n<\/tr>\n<tr>\n<td class=\"name\">Eiereinsatz<\/td>\n<td class=\"value\"><img decoding=\"async\" src=\"https:\/\/www.baytronic.at\/content\/files\/icons\/confirm.png\" alt=\"\" data-src-original=\"all\" data-src=\"\/content\/files\/icons\/confirm.png\" \/><\/td>\n<\/tr>\n<tr>\n<td class=\"name\">Anzahl der Eiereins\u00e4tze<\/td>\n<td class=\"value\">1<\/td>\n<\/tr>\n<tr>\n<td class=\"name\">Eisw\u00fcrfelschale<\/td>\n<td class=\"value\"><img decoding=\"async\" src=\"https:\/\/www.baytronic.at\/content\/files\/icons\/confirm.png\" alt=\"\" data-src-original=\"all\" data-src=\"\/content\/files\/icons\/confirm.png\" \/><\/td>\n<\/tr>\n<tr>\n<td class=\"name\">Anzahl der Eisw\u00fcrfelschalen<\/td>\n<td class=\"value\">1<\/td>\n<\/tr>\n<tr>\n<td class=\"font-h4\" colspan=\"2\">GEH\u00c4USE-EIGENSCHAFTEN<\/td>\n<\/tr>\n<tr>\n<td class=\"name\">Breite (cm)<\/td>\n<td class=\"value\">90,9<\/td>\n<\/tr>\n<tr>\n<td class=\"name\">H\u00f6he (cm)<\/td>\n<td class=\"value\">190<\/td>\n<\/tr>\n<tr>\n<td class=\"name\">Tiefe (cm)<\/td>\n<td class=\"value\">69<\/td>\n<\/tr>\n<tr>\n<td class=\"name\">Leergewicht (kg)<\/td>\n<td class=\"value\">111<\/td>\n<\/tr>\n<tr>\n<td class=\"name\">ged\u00e4mpfte T\u00fcr-Schlie\u00dfung<\/td>\n<td class=\"value\"><img decoding=\"async\" src=\"https:\/\/www.baytronic.at\/content\/files\/icons\/confirm.png\" alt=\"\" data-src-original=\"all\" data-src=\"\/content\/files\/icons\/confirm.png\" \/><\/td>\n<\/tr>\n<tr>\n<td class=\"name\">h\u00f6henverstellbare Ger\u00e4tef\u00fc\u00dfe<\/td>\n<td class=\"value\"><img decoding=\"async\" src=\"https:\/\/www.baytronic.at\/content\/files\/icons\/confirm.png\" alt=\"\" data-src-original=\"all\" data-src=\"\/content\/files\/icons\/confirm.png\" \/><\/td>\n<\/tr>\n<tr>\n<td class=\"name\">integrierte Griffmulde<\/td>\n<td class=\"value\"><img decoding=\"async\" src=\"https:\/\/www.baytronic.at\/content\/files\/icons\/confirm.png\" alt=\"\" data-src-original=\"all\" data-src=\"\/content\/files\/icons\/confirm.png\" \/><\/td>\n<\/tr>\n<tr>\n<td class=\"font-h4\" colspan=\"2\">VERPACKUNGSANGABEN<\/td>\n<\/tr>\n<tr>\n<td class=\"name\">Breite mit Verpackung (cm)<\/td>\n<td class=\"value\">97,2<\/td>\n<\/tr>\n<tr>\n<td class=\"name\">H\u00f6he mit Verpackung (cm)<\/td>\n<td class=\"value\">199,3<\/td>\n<\/tr>\n<tr>\n<td class=\"name\">Tiefe mit Verpackung (cm)<\/td>\n<td class=\"value\">72,5<\/td>\n<\/tr>\n<tr>\n<td class=\"name\">Gewicht mit Verpackung (kg)<\/td>\n<td class=\"value\">121<\/td>\n<\/tr>\n<tr>\n<td class=\"font-h4\" colspan=\"2\">FARBEN<\/td>\n<\/tr>\n<tr>\n<td class=\"name\">Geh\u00e4use-Farben<\/td>\n<td class=\"value\">edelstahl<\/td>\n<\/tr>\n<\/tbody>\n<\/table>\n","protected":false},"excerpt":{"rendered":"<ul>\n<li>2 Jahre Garantie<\/li>\n<li>No Frost &#8211; nie wieder Abtauen<\/li>\n<li>LED Innenbeleuchtung<\/li>\n<li>LED Display<\/li>\n<li>ECO-Funktion<\/li>\n<li>Multi-Umluftk\u00fchlung<\/li>\n<li>Metallr\u00fcckwand f\u00fcr optimale K\u00e4ltespeicherung<\/li>\n<li>Schnellgefrierfunktion<\/li>\n<li>1 Fresh Temp Zone (0\u00b0~8\u00b0C), Chiller-Fach (-3\u00b0~5\u00b0C) f\u00fcr mehr Frische, Convertible Zone (-20\u00b0~ +5\u00b0C)<\/li>\n<li>T\u00fcralarm, Kindersicherung<\/li>\n<\/ul>\n","protected":false},"featured_media":14620,"template":"","meta":[],"product_brand":[],"product_cat":[143,233],"product_tag":[],"class_list":{"0":"post-14619","1":"product","2":"type-product","3":"status-publish","4":"has-post-thumbnail","6":"product_cat-elektro","7":"product_cat-kuehlen-gefrieren-elektro","9":"first","10":"instock","11":"shipping-taxable","12":"purchasable","13":"product-type-simple","14":"add-to-wishlist-after_add_to_cart"},"_links":{"self":[{"href":"https:\/\/www.strasser-markt.at\/einkaufen\/wp-json\/wp\/v2\/product\/14619","targetHints":{"allow":["GET"]}}],"collection":[{"href":"https:\/\/www.strasser-markt.at\/einkaufen\/wp-json\/wp\/v2\/product"}],"about":[{"href":"https:\/\/www.strasser-markt.at\/einkaufen\/wp-json\/wp\/v2\/types\/product"}],"wp:featuredmedia":[{"embeddable":true,"href":"https:\/\/www.strasser-markt.at\/einkaufen\/wp-json\/wp\/v2\/media\/14620"}],"wp:attachment":[{"href":"https:\/\/www.strasser-markt.at\/einkaufen\/wp-json\/wp\/v2\/media?parent=14619"}],"wp:term":[{"taxonomy":"product_brand","embeddable":true,"href":"https:\/\/www.strasser-markt.at\/einkaufen\/wp-json\/wp\/v2\/product_brand?post=14619"},{"taxonomy":"product_cat","embeddable":true,"href":"https:\/\/www.strasser-markt.at\/einkaufen\/wp-json\/wp\/v2\/product_cat?post=14619"},{"taxonomy":"product_tag","embeddable":true,"href":"https:\/\/www.strasser-markt.at\/einkaufen\/wp-json\/wp\/v2\/product_tag?post=14619"}],"curies":[{"name":"wp","href":"https:\/\/api.w.org\/{rel}","templated":true}]}}