{"id":14672,"date":"2025-02-04T07:40:20","date_gmt":"2025-02-04T06:40:20","guid":{"rendered":"https:\/\/www.strasser-markt.at\/einkaufen\/?post_type=product&#038;p=14672"},"modified":"2025-02-04T07:40:20","modified_gmt":"2025-02-04T06:40:20","slug":"hoefats-moon-45-feuerschale-mit-niedrigem-fuss","status":"publish","type":"product","link":"https:\/\/www.strasser-markt.at\/einkaufen\/produkt\/hoefats-moon-45-feuerschale-mit-niedrigem-fuss\/","title":{"rendered":"h\u00f6fats MOON 45 Feuerschale mit niedrigem Fu\u00df"},"content":{"rendered":"<div class=\"h3 product-detail-description-title\">Details<\/div>\n<div class=\"product-detail-description-text\">\n<ul>\n<li>Bodennaher Feuerkorb mit Holzvergaser-Technologie<\/li>\n<li>Faszinierendes Flammenbild durch zweistufigen Verbrennungsprozess<\/li>\n<li>Betrieb mit Scheitholz oder Pellets m\u00f6glich<\/li>\n<li>Rauchfreies Feuer bis zu 2 Stunden bei der Verwendung von 10-12 kg Pellets<\/li>\n<li>Ideal f\u00fcr urbane Umgebungen<\/li>\n<li>Verbrennung mit nur wenigen Ascher\u00fcckst\u00e4nden<\/li>\n<li>Leicht zu reinigen durch herausnehmbare Ascheschale<\/li>\n<li>Sicherer Stand auf niedrigem Gussfu\u00df<\/li>\n<li>Schneller Auf- &amp; Abbau ohne Werkzeug<\/li>\n<li>Einfach zu transportieren<\/li>\n<li>Mit Edelstahlfu\u00df (Zubeh\u00f6r) auch als hohe Feuerschale verwendbar<\/li>\n<li>Material: Innenschale: Edelstahl; Au\u00dfenschale: Stahl emailliert; Ascheschale: stahl emailliert und Edelstahl; Aufsatzd\u00fcse: Edelstahl; Fu\u00df niedrig: Gu\u00dfeisen emailliert<\/li>\n<li>Lieferumfang: MOON 45 Au\u00dfen- und Innenschale, Feuerrost, Ascheschale, Aufsatzd\u00fcse, niedriger Fu\u00df<\/li>\n<\/ul>\n<\/div>\n","protected":false},"excerpt":{"rendered":"<p><b>MOON<\/b>\u00a0&#8211; Der schwarze Mond der Feuerkunst verzaubert mit seiner Holzvergaser-Brennertechnologie, die ein atemberaubend raucharmes Feuer entfacht und ein begeisterndes Flammenmeer entstehen l\u00e4sst. Dabei sitzt die schwarze Stahlkugel sicher auf ihrem niedrigen Gussfu\u00df und bietet beste Sicht auf das lodernde Feuer,\u00a0das bei Verwendung von Pellets bis zu zwei Stunden\u00a0ununterbrochen und ohne Nachlegen brennt.<\/p>\n","protected":false},"featured_media":14673,"template":"","meta":[],"product_brand":[],"product_cat":[271],"product_tag":[],"class_list":{"0":"post-14672","1":"product","2":"type-product","3":"status-publish","4":"has-post-thumbnail","6":"product_cat-hoefats","8":"first","9":"instock","10":"shipping-taxable","11":"purchasable","12":"product-type-simple","13":"add-to-wishlist-after_add_to_cart"},"_links":{"self":[{"href":"https:\/\/www.strasser-markt.at\/einkaufen\/wp-json\/wp\/v2\/product\/14672","targetHints":{"allow":["GET"]}}],"collection":[{"href":"https:\/\/www.strasser-markt.at\/einkaufen\/wp-json\/wp\/v2\/product"}],"about":[{"href":"https:\/\/www.strasser-markt.at\/einkaufen\/wp-json\/wp\/v2\/types\/product"}],"wp:featuredmedia":[{"embeddable":true,"href":"https:\/\/www.strasser-markt.at\/einkaufen\/wp-json\/wp\/v2\/media\/14673"}],"wp:attachment":[{"href":"https:\/\/www.strasser-markt.at\/einkaufen\/wp-json\/wp\/v2\/media?parent=14672"}],"wp:term":[{"taxonomy":"product_brand","embeddable":true,"href":"https:\/\/www.strasser-markt.at\/einkaufen\/wp-json\/wp\/v2\/product_brand?post=14672"},{"taxonomy":"product_cat","embeddable":true,"href":"https:\/\/www.strasser-markt.at\/einkaufen\/wp-json\/wp\/v2\/product_cat?post=14672"},{"taxonomy":"product_tag","embeddable":true,"href":"https:\/\/www.strasser-markt.at\/einkaufen\/wp-json\/wp\/v2\/product_tag?post=14672"}],"curies":[{"name":"wp","href":"https:\/\/api.w.org\/{rel}","templated":true}]}}