{"id":14684,"date":"2025-02-04T07:43:54","date_gmt":"2025-02-04T06:43:54","guid":{"rendered":"https:\/\/www.strasser-markt.at\/einkaufen\/?post_type=product&#038;p=14684"},"modified":"2025-02-04T07:58:11","modified_gmt":"2025-02-04T06:58:11","slug":"hoefats-spin-900-tischfeuer","status":"publish","type":"product","link":"https:\/\/www.strasser-markt.at\/einkaufen\/produkt\/hoefats-spin-900-tischfeuer\/","title":{"rendered":"h\u00f6fats SPIN 900 Tischfeuer"},"content":{"rendered":"<div class=\"h3 product-detail-description-title\">Details<\/div>\n<div class=\"product-detail-description-text\">\n<ul>\n<li>Tischfeuer mit optionaler Erweiterung zum Windlicht, Gartenfackel oder H\u00e4ngefeuer<\/li>\n<li>Zahlreich pr\u00e4miertes Design<\/li>\n<li>Patentierter Bio-Burner mit innovativer Brennertechnologie<\/li>\n<li>Klar strukturierte und sichtbare Flamme auch bei Tageslicht<\/li>\n<li>Brenndauer 80-120 min mit ca. 200 ml h\u00f6fats Bioethanol Fl\u00fcssig-Brennstoff<\/li>\n<li>Brenndauer kann mit Eco-Ring um 50% erh\u00f6ht werden<\/li>\n<li>Strahlt angenehme W\u00e4rme ab: bis zu 1100 W<\/li>\n<li>Sichere Verwendung auch im Innenraum, durch ein Labor gepr\u00fcfte Indoor Zulassung nach DIN EN 16647<\/li>\n<li>Bef\u00fcllung mit Fl\u00fcssig-Brennstoff \u00fcber das Schutzventil des Bio-Burners<\/li>\n<li>Geruchsneutral, ru\u00df- und rauchfrei dank biologischem h\u00f6fats Bioethanol Fl\u00fcssig-Brennstoff<\/li>\n<li>Lieferumfang: Base, Fl\u00fcgelk\u00f6rper, Bio-Burner mit Eco-Ring und L\u00f6schdeckel, Glaszylinder<\/li>\n<\/ul>\n<\/div>\n","protected":false},"excerpt":{"rendered":"<p><b>SPIN\u00a0<\/b>&#8211; Wohlige W\u00e4rme und geselliges Beisammensein sind die unverwechselbaren Eigenschaften des Feuers, die uns seit jeher in seinen magischen Bann ziehen. SPIN f\u00e4ngt genau diese einzigartige Lagerfeueratmosph\u00e4re auf spektakul\u00e4re Art und Weise in einem Glaszylinder ein und l\u00e4sst deinen Balkon, deine Terrasse, dein Wohnzimmer oder deinen Esstisch im sanften Licht der Flammen erstrahlen.<\/p>\n","protected":false},"featured_media":14685,"template":"","meta":[],"product_brand":[],"product_cat":[271],"product_tag":[],"class_list":{"0":"post-14684","1":"product","2":"type-product","3":"status-publish","4":"has-post-thumbnail","6":"product_cat-hoefats","8":"first","9":"instock","10":"shipping-taxable","11":"purchasable","12":"product-type-variable","13":"add-to-wishlist-after_add_to_cart"},"_links":{"self":[{"href":"https:\/\/www.strasser-markt.at\/einkaufen\/wp-json\/wp\/v2\/product\/14684","targetHints":{"allow":["GET"]}}],"collection":[{"href":"https:\/\/www.strasser-markt.at\/einkaufen\/wp-json\/wp\/v2\/product"}],"about":[{"href":"https:\/\/www.strasser-markt.at\/einkaufen\/wp-json\/wp\/v2\/types\/product"}],"wp:featuredmedia":[{"embeddable":true,"href":"https:\/\/www.strasser-markt.at\/einkaufen\/wp-json\/wp\/v2\/media\/14685"}],"wp:attachment":[{"href":"https:\/\/www.strasser-markt.at\/einkaufen\/wp-json\/wp\/v2\/media?parent=14684"}],"wp:term":[{"taxonomy":"product_brand","embeddable":true,"href":"https:\/\/www.strasser-markt.at\/einkaufen\/wp-json\/wp\/v2\/product_brand?post=14684"},{"taxonomy":"product_cat","embeddable":true,"href":"https:\/\/www.strasser-markt.at\/einkaufen\/wp-json\/wp\/v2\/product_cat?post=14684"},{"taxonomy":"product_tag","embeddable":true,"href":"https:\/\/www.strasser-markt.at\/einkaufen\/wp-json\/wp\/v2\/product_tag?post=14684"}],"curies":[{"name":"wp","href":"https:\/\/api.w.org\/{rel}","templated":true}]}}