{"id":14715,"date":"2025-04-15T14:52:37","date_gmt":"2025-04-15T12:52:37","guid":{"rendered":"https:\/\/www.strasser-markt.at\/einkaufen\/?post_type=product&#038;p=14715"},"modified":"2025-04-15T14:52:37","modified_gmt":"2025-04-15T12:52:37","slug":"napoleon-prestige-500-propangasgrill-mit-infrarot-seiten-und-heckbrenner-edelstahl-p500vrsibpss-de","status":"publish","type":"product","link":"https:\/\/www.strasser-markt.at\/einkaufen\/produkt\/napoleon-prestige-500-propangasgrill-mit-infrarot-seiten-und-heckbrenner-edelstahl-p500vrsibpss-de\/","title":{"rendered":"Napoleon Prestige 500 Propangasgrill mit Infrarot-Seiten- und Heckbrenner, Edelstahl &#8211; P500VRSIBPSS-DE"},"content":{"rendered":"<p>Der Prestige 500 Erdgasgrill aus Edelstahl mit Infrarot-Seiten- und Heckbrenner hebt das Grillerlebnis auf die n\u00e4chste Stufe. Ein gr\u00f6\u00dferer Heckbrenner und ein gr\u00f6\u00dferer Infrarot-Seitenbrenner sorgen f\u00fcr mehr Leistung.<\/p>\n","protected":false},"excerpt":{"rendered":"<p>Der Prestige 500 Erdgasgrill aus Edelstahl mit Infrarot-Seiten- und Heckbrenner hebt das Grillerlebnis auf die n\u00e4chste Stufe. Ein gr\u00f6\u00dferer Heckbrenner und ein gr\u00f6\u00dferer Infrarot-Seitenbrenner sorgen f\u00fcr mehr Leistung.<\/p>\n","protected":false},"featured_media":14716,"template":"","meta":[],"product_brand":[],"product_cat":[193,145],"product_tag":[],"class_list":{"0":"post-14715","1":"product","2":"type-product","3":"status-publish","4":"has-post-thumbnail","6":"product_cat-gasgrill","7":"product_cat-grillen","9":"first","10":"instock","11":"shipping-taxable","12":"purchasable","13":"product-type-simple","14":"add-to-wishlist-after_add_to_cart"},"_links":{"self":[{"href":"https:\/\/www.strasser-markt.at\/einkaufen\/wp-json\/wp\/v2\/product\/14715","targetHints":{"allow":["GET"]}}],"collection":[{"href":"https:\/\/www.strasser-markt.at\/einkaufen\/wp-json\/wp\/v2\/product"}],"about":[{"href":"https:\/\/www.strasser-markt.at\/einkaufen\/wp-json\/wp\/v2\/types\/product"}],"wp:featuredmedia":[{"embeddable":true,"href":"https:\/\/www.strasser-markt.at\/einkaufen\/wp-json\/wp\/v2\/media\/14716"}],"wp:attachment":[{"href":"https:\/\/www.strasser-markt.at\/einkaufen\/wp-json\/wp\/v2\/media?parent=14715"}],"wp:term":[{"taxonomy":"product_brand","embeddable":true,"href":"https:\/\/www.strasser-markt.at\/einkaufen\/wp-json\/wp\/v2\/product_brand?post=14715"},{"taxonomy":"product_cat","embeddable":true,"href":"https:\/\/www.strasser-markt.at\/einkaufen\/wp-json\/wp\/v2\/product_cat?post=14715"},{"taxonomy":"product_tag","embeddable":true,"href":"https:\/\/www.strasser-markt.at\/einkaufen\/wp-json\/wp\/v2\/product_tag?post=14715"}],"curies":[{"name":"wp","href":"https:\/\/api.w.org\/{rel}","templated":true}]}}