{"id":14719,"date":"2025-04-15T16:16:24","date_gmt":"2025-04-15T14:16:24","guid":{"rendered":"https:\/\/www.strasser-markt.at\/einkaufen\/?post_type=product&#038;p=14719"},"modified":"2025-05-02T10:36:20","modified_gmt":"2025-05-02T08:36:20","slug":"napoleon-freestyle-365-propangas-grill-mit-infrarot-sizzle-zone-seitenbrenner-graphit-f365dsibpgt-de","status":"publish","type":"product","link":"https:\/\/www.strasser-markt.at\/einkaufen\/produkt\/napoleon-freestyle-365-propangas-grill-mit-infrarot-sizzle-zone-seitenbrenner-graphit-f365dsibpgt-de\/","title":{"rendered":"Napoleon Freestyle 365 Propangas Grill mit Infrarot SIZZLE ZONE Seitenbrenner, Graphit &#8211; F365DSIBPGT-DE"},"content":{"rendered":"<p>Der Propangasgrill Freestyle 365 ist ein kompakter Grill mit erstklassigen Funktionen und unschlagbarem Preis-Leistungsverh\u00e4ltnis. Mit dem JETFIRE\u2122 Z\u00fcndsystem werden die drei Edelstahlbrenner Ihres Grills schnell, einfach und zuverl\u00e4ssig entz\u00fcndet. Mit dem seitlichen SIZZLE ZONE\u2122 Infrarotbrenner gelingen Ihnen perfekte Steaks, sowie Wok-Gerichte, w\u00e4hrend Sie Ihr Hauptgericht auf der 51 x 45xm gro\u00dfen Grillfl\u00e4che grillen, welche ausgestattet ist mit WAVE\u2122 Grillrosten aus porzellan-emailliertem Gusseisen.<\/p>\n","protected":false},"excerpt":{"rendered":"<p>Der Propangasgrill Freestyle 365 ist ein kompakter Grill mit erstklassigen Funktionen und unschlagbarem Preis-Leistungsverh\u00e4ltnis. Mit dem JETFIRE\u2122 Z\u00fcndsystem werden die drei Edelstahlbrenner Ihres Grills schnell, einfach und zuverl\u00e4ssig entz\u00fcndet. Mit dem seitlichen SIZZLE ZONE\u2122 Infrarotbrenner gelingen Ihnen perfekte Steaks, sowie Wok-Gerichte, w\u00e4hrend Sie Ihr Hauptgericht auf der 51 x 45xm gro\u00dfen Grillfl\u00e4che grillen, welche ausgestattet [&hellip;]<\/p>\n","protected":false},"featured_media":14720,"template":"","meta":[],"product_brand":[],"product_cat":[193,145],"product_tag":[],"class_list":{"0":"post-14719","1":"product","2":"type-product","3":"status-publish","4":"has-post-thumbnail","6":"product_cat-gasgrill","7":"product_cat-grillen","9":"first","10":"instock","11":"sale","12":"shipping-taxable","13":"purchasable","14":"product-type-simple","15":"add-to-wishlist-after_add_to_cart"},"_links":{"self":[{"href":"https:\/\/www.strasser-markt.at\/einkaufen\/wp-json\/wp\/v2\/product\/14719","targetHints":{"allow":["GET"]}}],"collection":[{"href":"https:\/\/www.strasser-markt.at\/einkaufen\/wp-json\/wp\/v2\/product"}],"about":[{"href":"https:\/\/www.strasser-markt.at\/einkaufen\/wp-json\/wp\/v2\/types\/product"}],"wp:featuredmedia":[{"embeddable":true,"href":"https:\/\/www.strasser-markt.at\/einkaufen\/wp-json\/wp\/v2\/media\/14720"}],"wp:attachment":[{"href":"https:\/\/www.strasser-markt.at\/einkaufen\/wp-json\/wp\/v2\/media?parent=14719"}],"wp:term":[{"taxonomy":"product_brand","embeddable":true,"href":"https:\/\/www.strasser-markt.at\/einkaufen\/wp-json\/wp\/v2\/product_brand?post=14719"},{"taxonomy":"product_cat","embeddable":true,"href":"https:\/\/www.strasser-markt.at\/einkaufen\/wp-json\/wp\/v2\/product_cat?post=14719"},{"taxonomy":"product_tag","embeddable":true,"href":"https:\/\/www.strasser-markt.at\/einkaufen\/wp-json\/wp\/v2\/product_tag?post=14719"}],"curies":[{"name":"wp","href":"https:\/\/api.w.org\/{rel}","templated":true}]}}