{"id":14739,"date":"2025-05-13T14:08:35","date_gmt":"2025-05-13T12:08:35","guid":{"rendered":"https:\/\/www.strasser-markt.at\/einkaufen\/?post_type=product&#038;p=14739"},"modified":"2025-12-14T08:16:24","modified_gmt":"2025-12-14T07:16:24","slug":"segway-robotermaeher-i105e","status":"publish","type":"product","link":"https:\/\/www.strasser-markt.at\/einkaufen\/produkt\/segway-robotermaeher-i105e\/","title":{"rendered":"Segway Roboterm\u00e4her Smart i105E"},"content":{"rendered":"<ul>\n<li><strong>Empfohlene Rasenfl\u00e4che<\/strong>: bis zu 500 m\u00b2<\/li>\n<li><strong>Schnitth\u00f6he<\/strong>: 20\u201360 mm (manuell einstellbar)<\/li>\n<li><strong>Schnittbreite<\/strong>: 18 cm<\/li>\n<li><strong>Steigf\u00e4higkeit<\/strong>: bis zu 30 %<\/li>\n<li><strong>Akkukapazit\u00e4t<\/strong>: 2.550 mAh<\/li>\n<li><strong>Betriebszeit pro Ladeeinheit<\/strong>: ca. 60 Minuten<\/li>\n<li><strong>Ladezeit<\/strong>: ca. 90 Minuten<\/li>\n<li><strong>Gewicht<\/strong>: ca. 10,9 kg<\/li>\n<li><strong>Schutzklasse<\/strong>: IP66 (wassergesch\u00fctzt)<\/li>\n<\/ul>\n<p>&nbsp;<\/p>\n","protected":false},"excerpt":{"rendered":"<p><span class=\"relative -mx-px my-[-0.2rem] rounded px-px py-[0.2rem] transition-colors duration-100 ease-in-out\">Der Segway Navimow i105E ist ein moderner M\u00e4hroboter, der speziell f\u00fcr kleinere bis mittelgro\u00dfe G\u00e4rten entwickelt wurde.<\/span> <span class=\"relative -mx-px my-[-0.2rem] rounded px-px py-[0.2rem] transition-colors duration-100 ease-in-out\">Er zeichnet sich durch eine kabellose Installation, pr\u00e4zise Navigation und benutzerfreundliche Steuerung aus.<\/span><\/p>\n<p><strong>Lieferzeit auf Anfrage<\/strong><\/p>\n","protected":false},"featured_media":14740,"template":"","meta":[],"product_brand":[],"product_cat":[276],"product_tag":[],"class_list":{"0":"post-14739","1":"product","2":"type-product","3":"status-publish","4":"has-post-thumbnail","6":"product_cat-segway","8":"first","9":"instock","10":"sale","11":"shipping-taxable","12":"purchasable","13":"product-type-simple","14":"add-to-wishlist-after_add_to_cart"},"_links":{"self":[{"href":"https:\/\/www.strasser-markt.at\/einkaufen\/wp-json\/wp\/v2\/product\/14739","targetHints":{"allow":["GET"]}}],"collection":[{"href":"https:\/\/www.strasser-markt.at\/einkaufen\/wp-json\/wp\/v2\/product"}],"about":[{"href":"https:\/\/www.strasser-markt.at\/einkaufen\/wp-json\/wp\/v2\/types\/product"}],"wp:featuredmedia":[{"embeddable":true,"href":"https:\/\/www.strasser-markt.at\/einkaufen\/wp-json\/wp\/v2\/media\/14740"}],"wp:attachment":[{"href":"https:\/\/www.strasser-markt.at\/einkaufen\/wp-json\/wp\/v2\/media?parent=14739"}],"wp:term":[{"taxonomy":"product_brand","embeddable":true,"href":"https:\/\/www.strasser-markt.at\/einkaufen\/wp-json\/wp\/v2\/product_brand?post=14739"},{"taxonomy":"product_cat","embeddable":true,"href":"https:\/\/www.strasser-markt.at\/einkaufen\/wp-json\/wp\/v2\/product_cat?post=14739"},{"taxonomy":"product_tag","embeddable":true,"href":"https:\/\/www.strasser-markt.at\/einkaufen\/wp-json\/wp\/v2\/product_tag?post=14739"}],"curies":[{"name":"wp","href":"https:\/\/api.w.org\/{rel}","templated":true}]}}