{"id":14741,"date":"2025-05-13T14:21:08","date_gmt":"2025-05-13T12:21:08","guid":{"rendered":"https:\/\/www.strasser-markt.at\/einkaufen\/?post_type=product&#038;p=14741"},"modified":"2026-03-03T07:04:10","modified_gmt":"2026-03-03T06:04:10","slug":"segway-robotermaeher-smart-i108e-4g","status":"publish","type":"product","link":"https:\/\/www.strasser-markt.at\/einkaufen\/produkt\/segway-robotermaeher-smart-i108e-4g\/","title":{"rendered":"Segway Roboterm\u00e4her Smart i108E 4G"},"content":{"rendered":"<ul>\n<li><strong>Empfohlene M\u00e4hfl\u00e4che<\/strong>: bis zu 800\u202fm\u00b2<\/li>\n<li><strong>Schnittbreite<\/strong>: 18\u202fcm<\/li>\n<li><strong>Schnitth\u00f6he<\/strong>: 20\u201360\u202fmm, manuell einstellbar<\/li>\n<li><strong>Maximale Steigung<\/strong>: 30\u202f%<\/li>\n<li><strong>Akkukapazit\u00e4t<\/strong>: 5,1\u202fAh Lithium-Ionen<\/li>\n<li><strong>Betriebszeit pro Ladung<\/strong>: bis zu 150 Minuten<\/li>\n<li><strong>Ladezeit<\/strong>: ca. 120 Minuten<\/li>\n<li><strong>Ger\u00e4uschpegel<\/strong>: 58\u202fdB(A)<\/li>\n<li><strong>Wetterfestigkeit<\/strong>: IP66-Zertifizierung<\/li>\n<li><strong>Navigation<\/strong>: EFLS 2.0-System \u2013 hochpr\u00e4zise Positionierung ohne Begrenzungskabel<\/li>\n<li><strong>Hindernisvermeidung<\/strong>: KI-gest\u00fctzte Sensoren f\u00fcr zuverl\u00e4ssige Erkennung und Umgehung von Hindernissen<\/li>\n<li><strong>Konnektivit\u00e4t<\/strong>: Bluetooth, Wi-Fi (2,4\u202fGHz &amp; 5\u202fGHz); optionales 4G-Modul verf\u00fcgbar<\/li>\n<li><strong>App-Steuerung<\/strong>: Echtzeit-Kontrolle und -Updates \u00fcber die Navimow-App<\/li>\n<\/ul>\n","protected":false},"excerpt":{"rendered":"<p>Der Segway Navimow i108E ist ein hochmoderner robotischer Rasenm\u00e4her, ausgestattet mit Satellitennavigation. Mit dieser innovativen Technologie gew\u00e4hrleistet der Navimow i108E eine kabellose und effiziente Rasenpflege.<br \/>\nDie M\u00e4hfl\u00e4che wird einfach am Rand abgefahren und der Roboter-Rasenm\u00e4her merkt sich die Position. Alles ohne Begrenzungsdraht. F\u00fcr Fl\u00e4chen bis zu 800 m\u00b2 und Steigungen bis zu 30%.<\/p>\n<p><strong>Lieferzeit auf Anfrage<\/strong><\/p>\n","protected":false},"featured_media":14742,"template":"","meta":[],"product_brand":[],"product_cat":[276],"product_tag":[],"class_list":{"0":"post-14741","1":"product","2":"type-product","3":"status-publish","4":"has-post-thumbnail","6":"product_cat-segway","8":"first","9":"instock","10":"shipping-taxable","11":"purchasable","12":"product-type-simple","13":"add-to-wishlist-after_add_to_cart"},"_links":{"self":[{"href":"https:\/\/www.strasser-markt.at\/einkaufen\/wp-json\/wp\/v2\/product\/14741","targetHints":{"allow":["GET"]}}],"collection":[{"href":"https:\/\/www.strasser-markt.at\/einkaufen\/wp-json\/wp\/v2\/product"}],"about":[{"href":"https:\/\/www.strasser-markt.at\/einkaufen\/wp-json\/wp\/v2\/types\/product"}],"wp:featuredmedia":[{"embeddable":true,"href":"https:\/\/www.strasser-markt.at\/einkaufen\/wp-json\/wp\/v2\/media\/14742"}],"wp:attachment":[{"href":"https:\/\/www.strasser-markt.at\/einkaufen\/wp-json\/wp\/v2\/media?parent=14741"}],"wp:term":[{"taxonomy":"product_brand","embeddable":true,"href":"https:\/\/www.strasser-markt.at\/einkaufen\/wp-json\/wp\/v2\/product_brand?post=14741"},{"taxonomy":"product_cat","embeddable":true,"href":"https:\/\/www.strasser-markt.at\/einkaufen\/wp-json\/wp\/v2\/product_cat?post=14741"},{"taxonomy":"product_tag","embeddable":true,"href":"https:\/\/www.strasser-markt.at\/einkaufen\/wp-json\/wp\/v2\/product_tag?post=14741"}],"curies":[{"name":"wp","href":"https:\/\/api.w.org\/{rel}","templated":true}]}}