{"id":14748,"date":"2025-05-13T14:46:45","date_gmt":"2025-05-13T12:46:45","guid":{"rendered":"https:\/\/www.strasser-markt.at\/einkaufen\/?post_type=product&#038;p=14748"},"modified":"2026-02-14T07:37:18","modified_gmt":"2026-02-14T06:37:18","slug":"segway-robotermaeher-x315e","status":"publish","type":"product","link":"https:\/\/www.strasser-markt.at\/einkaufen\/produkt\/segway-robotermaeher-x315e\/","title":{"rendered":"Segway Roboterm\u00e4her X315E"},"content":{"rendered":"<ul>\n<li><strong>Fl\u00e4chenkapazit\u00e4t<\/strong>: bis zu 1.600\u202fm\u00b2<\/li>\n<li><strong>Maximale Steigung<\/strong>: 40\u202f% innerhalb der Arbeitsfl\u00e4che<\/li>\n<li><strong>Schnittsystem<\/strong>: 3 frei schwingende Messerklingen mit einer Schnittbreite von 22\u202fcm<\/li>\n<li><strong>Schnitth\u00f6he<\/strong>: 20\u201360\u202fmm, manuell einstellbar<\/li>\n<li><strong>Akku<\/strong>: Lithium-Ionen-Akku mit einer typischen M\u00e4hdauer von 70 Minuten und einer Ladezeit von 60 Minuten<\/li>\n<li><strong>Ger\u00e4uschpegel<\/strong>: 60\u202fdB(A)<\/li>\n<\/ul>\n","protected":false},"excerpt":{"rendered":"<p>Der SegwayNavimow X315E\u00a0ver\u00e4ndert die Art und Weise, wie wir unsere G\u00e4rten pflegen, durch seine innovative und effiziente Technologie zum Rasenm\u00e4hen. Ausgestattet mit fortschrittlicher 4G-Konnektivit\u00e4t, erm\u00f6glicht dieser automatische Rasenm\u00e4her eine pr\u00e4zise GPS-gesteuerte Navigation, die ihm erlaubt, Ihren Rasen gleichm\u00e4\u00dfig und autonom zu bearbeiten, ohne dass Begrenzungskabel erforderlich sind.<\/p>\n<p><strong>Lieferzeit auf Anfrage<\/strong><\/p>\n<p>&nbsp;<\/p>\n<p>&nbsp;<\/p>\n","protected":false},"featured_media":14749,"template":"","meta":[],"product_brand":[],"product_cat":[276],"product_tag":[],"class_list":{"0":"post-14748","1":"product","2":"type-product","3":"status-publish","4":"has-post-thumbnail","6":"product_cat-segway","8":"first","9":"instock","10":"sale","11":"shipping-taxable","12":"purchasable","13":"product-type-simple","14":"add-to-wishlist-after_add_to_cart"},"_links":{"self":[{"href":"https:\/\/www.strasser-markt.at\/einkaufen\/wp-json\/wp\/v2\/product\/14748","targetHints":{"allow":["GET"]}}],"collection":[{"href":"https:\/\/www.strasser-markt.at\/einkaufen\/wp-json\/wp\/v2\/product"}],"about":[{"href":"https:\/\/www.strasser-markt.at\/einkaufen\/wp-json\/wp\/v2\/types\/product"}],"wp:featuredmedia":[{"embeddable":true,"href":"https:\/\/www.strasser-markt.at\/einkaufen\/wp-json\/wp\/v2\/media\/14749"}],"wp:attachment":[{"href":"https:\/\/www.strasser-markt.at\/einkaufen\/wp-json\/wp\/v2\/media?parent=14748"}],"wp:term":[{"taxonomy":"product_brand","embeddable":true,"href":"https:\/\/www.strasser-markt.at\/einkaufen\/wp-json\/wp\/v2\/product_brand?post=14748"},{"taxonomy":"product_cat","embeddable":true,"href":"https:\/\/www.strasser-markt.at\/einkaufen\/wp-json\/wp\/v2\/product_cat?post=14748"},{"taxonomy":"product_tag","embeddable":true,"href":"https:\/\/www.strasser-markt.at\/einkaufen\/wp-json\/wp\/v2\/product_tag?post=14748"}],"curies":[{"name":"wp","href":"https:\/\/api.w.org\/{rel}","templated":true}]}}