{"id":14753,"date":"2025-05-13T14:58:08","date_gmt":"2025-05-13T12:58:08","guid":{"rendered":"https:\/\/www.strasser-markt.at\/einkaufen\/?post_type=product&#038;p=14753"},"modified":"2025-12-14T08:16:35","modified_gmt":"2025-12-14T07:16:35","slug":"segway-robotermaeher-x330e","status":"publish","type":"product","link":"https:\/\/www.strasser-markt.at\/einkaufen\/produkt\/segway-robotermaeher-x330e\/","title":{"rendered":"Segway Roboterm\u00e4her X330E"},"content":{"rendered":"<ul>\n<li class=\"\" data-start=\"251\" data-end=\"314\">\n<p class=\"\" data-start=\"253\" data-end=\"314\"><strong data-start=\"253\" data-end=\"275\">Maximale M\u00e4hfl\u00e4che<\/strong>: <span class=\"relative -mx-px my-[-0.2rem] rounded px-px py-[0.2rem] transition-colors duration-100 ease-in-out\">bis zu 3.000\u202fm\u00b2<\/span><\/p>\n<\/li>\n<li class=\"\" data-start=\"315\" data-end=\"375\">\n<p class=\"\" data-start=\"317\" data-end=\"375\"><strong data-start=\"317\" data-end=\"334\">Schnittbreite<\/strong>: <span class=\"relative -mx-px my-[-0.2rem] rounded px-px py-[0.2rem] transition-colors duration-100 ease-in-out\">23,7\u202fcm<\/span><\/p>\n<\/li>\n<li class=\"\" data-start=\"376\" data-end=\"446\">\n<p class=\"\" data-start=\"378\" data-end=\"446\"><strong data-start=\"378\" data-end=\"405\">Schnitth\u00f6henverstellung<\/strong>: <span class=\"relative -mx-px my-[-0.2rem] rounded px-px py-[0.2rem] transition-colors duration-100 ease-in-out\">elektrisch einstellbar von 20\u201370\u202fmm<\/span><\/p>\n<\/li>\n<li class=\"\" data-start=\"447\" data-end=\"508\">\n<p class=\"\" data-start=\"449\" data-end=\"508\"><strong data-start=\"449\" data-end=\"467\">Steigf\u00e4higkeit<\/strong>: <span class=\"relative -mx-px my-[-0.2rem] rounded px-px py-[0.2rem] transition-colors duration-100 ease-in-out\">bis zu 50\u202f%<\/span><\/p>\n<\/li>\n<li class=\"\" data-start=\"509\" data-end=\"572\">\n<p class=\"\" data-start=\"511\" data-end=\"572\"><strong data-start=\"511\" data-end=\"531\">Betriebsger\u00e4usch<\/strong>: <span class=\"relative -mx-px my-[-0.2rem] rounded px-px py-[0.2rem] transition-colors duration-100 ease-in-out\">nur 58\u202fdB(A)<\/span><\/p>\n<\/li>\n<li class=\"\" data-start=\"573\" data-end=\"628\">\n<p class=\"\" data-start=\"575\" data-end=\"628\"><strong data-start=\"575\" data-end=\"587\">Batterie<\/strong>: <span class=\"relative -mx-px my-[-0.2rem] rounded px-px py-[0.2rem] transition-colors duration-100 ease-in-out\">8\u202fAh Lithium-Ionen-Akku<\/span><\/p>\n<\/li>\n<li class=\"\" data-start=\"629\" data-end=\"684\">\n<p class=\"\" data-start=\"631\" data-end=\"684\"><strong data-start=\"631\" data-end=\"643\">Ladezeit<\/strong>: <span class=\"relative -mx-px my-[-0.2rem] rounded px-px py-[0.2rem] transition-colors duration-100 ease-in-out\">ca. 75 Minuten<\/span><\/p>\n<\/li>\n<li class=\"\" data-start=\"685\" data-end=\"745\">\n<p class=\"\" data-start=\"687\" data-end=\"745\"><strong data-start=\"687\" data-end=\"704\">Konnektivit\u00e4t<\/strong>: <span class=\"relative -mx-px my-[-0.2rem] rounded px-px py-[0.2rem] transition-colors duration-100 ease-in-out\">Bluetooth, Wi-Fi (2,4\u202fGHz &amp; 5\u202fGHz), 4G<\/span><\/p>\n<\/li>\n<li class=\"\" data-start=\"746\" data-end=\"813\">\n<p class=\"\" data-start=\"748\" data-end=\"813\"><strong data-start=\"748\" data-end=\"772\">Virtuelle Begrenzung<\/strong>: <span class=\"relative -mx-px my-[-0.2rem] rounded px-px py-[0.2rem] transition-colors duration-100 ease-in-out\">ja, \u00fcber EFLS 3.0<\/span><\/p>\n<\/li>\n<li class=\"\" data-start=\"814\" data-end=\"874\">\n<p class=\"\" data-start=\"816\" data-end=\"874\"><strong data-start=\"816\" data-end=\"833\">App-Steuerung<\/strong>: <span class=\"relative -mx-px my-[-0.2rem] rounded px-px py-[0.2rem] transition-colors duration-100 ease-in-out\">Navimow-App f\u00fcr iOS und Android<\/span><\/p>\n<\/li>\n<li class=\"\" data-start=\"875\" data-end=\"982\">\n<p class=\"\" data-start=\"877\" data-end=\"982\"><strong data-start=\"877\" data-end=\"902\">Sicherheitsfunktionen<\/strong>: <span class=\"relative -mx-px my-[-0.2rem] rounded px-px py-[0.2rem] transition-colors duration-100 ease-in-out\">GPS-Diebstahlschutz, Messerstopp, PIN-Code<\/span><\/p>\n<\/li>\n<\/ul>\n","protected":false},"excerpt":{"rendered":"<p>Der Segway Navimow X330E ver\u00e4ndert die Art und Weise, wie wir unsere G\u00e4rten pflegen, durch seine innovative und effiziente Technologie zum Rasenm\u00e4hen. Ausgestattet mit fortschrittlicher 4G-Konnektivit\u00e4t, erm\u00f6glicht dieser automatische Rasenm\u00e4her eine pr\u00e4zise GPS-gesteuerte Navigation, die ihm erlaubt, Ihren Rasen gleichm\u00e4\u00dfig und autonom zu bearbeiten, ohne dass Begrenzungskabel erforderlich sind.<\/p>\n<p><strong>Lieferzeit auf Anfrage<\/strong><\/p>\n<p>&nbsp;<\/p>\n","protected":false},"featured_media":14754,"template":"","meta":[],"product_brand":[],"product_cat":[276],"product_tag":[],"class_list":{"0":"post-14753","1":"product","2":"type-product","3":"status-publish","4":"has-post-thumbnail","6":"product_cat-segway","8":"first","9":"instock","10":"sale","11":"shipping-taxable","12":"purchasable","13":"product-type-simple","14":"add-to-wishlist-after_add_to_cart"},"_links":{"self":[{"href":"https:\/\/www.strasser-markt.at\/einkaufen\/wp-json\/wp\/v2\/product\/14753","targetHints":{"allow":["GET"]}}],"collection":[{"href":"https:\/\/www.strasser-markt.at\/einkaufen\/wp-json\/wp\/v2\/product"}],"about":[{"href":"https:\/\/www.strasser-markt.at\/einkaufen\/wp-json\/wp\/v2\/types\/product"}],"wp:featuredmedia":[{"embeddable":true,"href":"https:\/\/www.strasser-markt.at\/einkaufen\/wp-json\/wp\/v2\/media\/14754"}],"wp:attachment":[{"href":"https:\/\/www.strasser-markt.at\/einkaufen\/wp-json\/wp\/v2\/media?parent=14753"}],"wp:term":[{"taxonomy":"product_brand","embeddable":true,"href":"https:\/\/www.strasser-markt.at\/einkaufen\/wp-json\/wp\/v2\/product_brand?post=14753"},{"taxonomy":"product_cat","embeddable":true,"href":"https:\/\/www.strasser-markt.at\/einkaufen\/wp-json\/wp\/v2\/product_cat?post=14753"},{"taxonomy":"product_tag","embeddable":true,"href":"https:\/\/www.strasser-markt.at\/einkaufen\/wp-json\/wp\/v2\/product_tag?post=14753"}],"curies":[{"name":"wp","href":"https:\/\/api.w.org\/{rel}","templated":true}]}}