{"id":14771,"date":"2025-05-13T16:38:58","date_gmt":"2025-05-13T14:38:58","guid":{"rendered":"https:\/\/www.strasser-markt.at\/einkaufen\/?post_type=product&#038;p=14771"},"modified":"2026-02-17T07:45:35","modified_gmt":"2026-02-17T06:45:35","slug":"segway-robotermaeher-x390e","status":"publish","type":"product","link":"https:\/\/www.strasser-markt.at\/einkaufen\/produkt\/segway-robotermaeher-x390e\/","title":{"rendered":"Segway Roboterm\u00e4her X390E"},"content":{"rendered":"<ul>\n<li class=\"\" data-start=\"141\" data-end=\"204\">\n<p class=\"\" data-start=\"143\" data-end=\"204\"><strong data-start=\"143\" data-end=\"165\">Maximale M\u00e4hfl\u00e4che<\/strong>: <span class=\"relative -mx-px my-[-0.2rem] rounded px-px py-[0.2rem] transition-colors duration-100 ease-in-out\">bis zu 12.000\u202fm\u00b2<\/span><\/p>\n<\/li>\n<li class=\"\" data-start=\"205\" data-end=\"265\">\n<p class=\"\" data-start=\"207\" data-end=\"265\"><strong data-start=\"207\" data-end=\"224\">Schnittbreite<\/strong>: <span class=\"relative -mx-px my-[-0.2rem] rounded px-px py-[0.2rem] transition-colors duration-100 ease-in-out\">23,7\u202fcm<\/span><\/p>\n<\/li>\n<li class=\"\" data-start=\"266\" data-end=\"336\">\n<p class=\"\" data-start=\"268\" data-end=\"336\"><strong data-start=\"268\" data-end=\"295\">Schnitth\u00f6henverstellung<\/strong>: <span class=\"relative -mx-px my-[-0.2rem] rounded px-px py-[0.2rem] transition-colors duration-100 ease-in-out\">elektronisch von 20\u201370\u202fmm \u00fcber die App<\/span><\/p>\n<\/li>\n<li class=\"\" data-start=\"337\" data-end=\"398\">\n<p class=\"\" data-start=\"339\" data-end=\"398\"><strong data-start=\"339\" data-end=\"357\">Steigf\u00e4higkeit<\/strong>: <span class=\"relative -mx-px my-[-0.2rem] rounded px-px py-[0.2rem] transition-colors duration-100 ease-in-out\">bis zu 50\u202f%<\/span><\/p>\n<\/li>\n<li class=\"\" data-start=\"399\" data-end=\"462\">\n<p class=\"\" data-start=\"401\" data-end=\"462\"><strong data-start=\"401\" data-end=\"421\">Betriebsger\u00e4usch<\/strong>: <span class=\"relative -mx-px my-[-0.2rem] rounded px-px py-[0.2rem] transition-colors duration-100 ease-in-out\">58\u202fdB(A)<\/span><\/p>\n<\/li>\n<li class=\"\" data-start=\"463\" data-end=\"523\">\n<p class=\"\" data-start=\"465\" data-end=\"523\"><strong data-start=\"465\" data-end=\"482\">Akkukapazit\u00e4t<\/strong>: <span class=\"relative -mx-px my-[-0.2rem] rounded px-px py-[0.2rem] transition-colors duration-100 ease-in-out\">12.800\u202fmAh Lithium-Ionen<\/span><\/p>\n<\/li>\n<li class=\"\" data-start=\"524\" data-end=\"579\">\n<p class=\"\" data-start=\"526\" data-end=\"579\"><strong data-start=\"526\" data-end=\"538\">Ladezeit<\/strong>: <span class=\"relative -mx-px my-[-0.2rem] rounded px-px py-[0.2rem] transition-colors duration-100 ease-in-out\">ca. 100 Minuten<\/span><\/p>\n<\/li>\n<li class=\"\" data-start=\"580\" data-end=\"650\">\n<p class=\"\" data-start=\"582\" data-end=\"650\"><strong data-start=\"582\" data-end=\"609\">Betriebszeit pro Ladung<\/strong>: <span class=\"relative -mx-px my-[-0.2rem] rounded px-px py-[0.2rem] transition-colors duration-100 ease-in-out\">bis zu 240 Minuten<\/span><\/p>\n<\/li>\n<li class=\"\" data-start=\"651\" data-end=\"716\">\n<p class=\"\" data-start=\"653\" data-end=\"716\"><strong data-start=\"653\" data-end=\"675\">M\u00e4hgeschwindigkeit<\/strong>: <span class=\"relative -mx-px my-[-0.2rem] rounded px-px py-[0.2rem] transition-colors duration-100 ease-in-out\">1\u202fm\/s<\/span><\/p>\n<\/li>\n<li class=\"\" data-start=\"717\" data-end=\"776\">\n<p class=\"\" data-start=\"719\" data-end=\"776\"><strong data-start=\"719\" data-end=\"735\">M\u00e4heffizienz<\/strong>: <span class=\"relative -mx-px my-[-0.2rem] rounded px-px py-[0.2rem] transition-colors duration-100 ease-in-out\">bis zu 320\u202fm\u00b2\/h<\/span><\/p>\n<\/li>\n<li class=\"\" data-start=\"777\" data-end=\"837\">\n<p class=\"\" data-start=\"779\" data-end=\"837\"><strong data-start=\"779\" data-end=\"796\">Konnektivit\u00e4t<\/strong>: <span class=\"relative -mx-px my-[-0.2rem] rounded px-px py-[0.2rem] transition-colors duration-100 ease-in-out\">Bluetooth, WLAN (2,4\u202fGHz &amp; 5\u202fGHz), 4G (5 Jahre kostenlos)<\/span><\/p>\n<\/li>\n<li class=\"\" data-start=\"838\" data-end=\"862\">\n<p class=\"\" data-start=\"840\" data-end=\"862\"><strong data-start=\"840\" data-end=\"856\">Wasserschutz<\/strong>: IP66<\/p>\n<\/li>\n<li class=\"\" data-start=\"863\" data-end=\"930\">\n<p class=\"\" data-start=\"865\" data-end=\"930\"><strong data-start=\"865\" data-end=\"889\">Virtuelle Begrenzung<\/strong>: <span class=\"relative -mx-px my-[-0.2rem] rounded px-px py-[0.2rem] transition-colors duration-100 ease-in-out\">ja, \u00fcber die App<\/span><\/p>\n<\/li>\n<li class=\"\" data-start=\"931\" data-end=\"997\">\n<p class=\"\" data-start=\"933\" data-end=\"997\"><strong data-start=\"933\" data-end=\"956\">Hindernisvermeidung<\/strong>: <span class=\"relative -mx-px my-[-0.2rem] rounded px-px py-[0.2rem] transition-colors duration-100 ease-in-out\">VisionFence 2.0 mit 3D-Frontkamera und 2 RGB-Seitenkameras<\/span><\/p>\n<\/li>\n<li class=\"\" data-start=\"998\" data-end=\"1103\">\n<p class=\"\" data-start=\"1000\" data-end=\"1103\"><strong data-start=\"1000\" data-end=\"1023\">GPS-Diebstahlschutz<\/strong>: <span class=\"relative -mx-px my-[-0.2rem] rounded px-px py-[0.2rem] transition-colors duration-100 ease-in-out\">ja, mit Ortung und PIN-Code<\/span><\/p>\n<\/li>\n<\/ul>\n","protected":false},"excerpt":{"rendered":"<p>Der Segway Navimow X390E ver\u00e4ndert die Art und Weise, wie wir unsere G\u00e4rten pflegen, durch seine innovative und effiziente Technologie zum Rasenm\u00e4hen. Ausgestattet mit fortschrittlicher 4G-Konnektivit\u00e4t, erm\u00f6glicht dieser automatische Rasenm\u00e4her eine pr\u00e4zise GPS-gesteuerte Navigation, die ihm erlaubt, Ihren Rasen gleichm\u00e4\u00dfig und autonom zu bearbeiten, ohne dass Begrenzungskabel erforderlich sind.<\/p>\n<p><strong>Lieferzeit auf Anfrage<\/strong><\/p>\n","protected":false},"featured_media":14772,"template":"","meta":[],"product_brand":[],"product_cat":[276],"product_tag":[],"class_list":{"0":"post-14771","1":"product","2":"type-product","3":"status-publish","4":"has-post-thumbnail","6":"product_cat-segway","8":"first","9":"instock","10":"shipping-taxable","11":"purchasable","12":"product-type-simple","13":"add-to-wishlist-after_add_to_cart"},"_links":{"self":[{"href":"https:\/\/www.strasser-markt.at\/einkaufen\/wp-json\/wp\/v2\/product\/14771","targetHints":{"allow":["GET"]}}],"collection":[{"href":"https:\/\/www.strasser-markt.at\/einkaufen\/wp-json\/wp\/v2\/product"}],"about":[{"href":"https:\/\/www.strasser-markt.at\/einkaufen\/wp-json\/wp\/v2\/types\/product"}],"wp:featuredmedia":[{"embeddable":true,"href":"https:\/\/www.strasser-markt.at\/einkaufen\/wp-json\/wp\/v2\/media\/14772"}],"wp:attachment":[{"href":"https:\/\/www.strasser-markt.at\/einkaufen\/wp-json\/wp\/v2\/media?parent=14771"}],"wp:term":[{"taxonomy":"product_brand","embeddable":true,"href":"https:\/\/www.strasser-markt.at\/einkaufen\/wp-json\/wp\/v2\/product_brand?post=14771"},{"taxonomy":"product_cat","embeddable":true,"href":"https:\/\/www.strasser-markt.at\/einkaufen\/wp-json\/wp\/v2\/product_cat?post=14771"},{"taxonomy":"product_tag","embeddable":true,"href":"https:\/\/www.strasser-markt.at\/einkaufen\/wp-json\/wp\/v2\/product_tag?post=14771"}],"curies":[{"name":"wp","href":"https:\/\/api.w.org\/{rel}","templated":true}]}}