{"id":14782,"date":"2025-07-15T10:07:35","date_gmt":"2025-07-15T08:07:35","guid":{"rendered":"https:\/\/www.strasser-markt.at\/einkaufen\/?post_type=product&#038;p=14782"},"modified":"2025-07-15T10:48:06","modified_gmt":"2025-07-15T08:48:06","slug":"napoleon-phantom-rogue-pro-30-inch-rp30ftpk-de-phm","status":"publish","type":"product","link":"https:\/\/www.strasser-markt.at\/einkaufen\/produkt\/napoleon-phantom-rogue-pro-30-inch-rp30ftpk-de-phm\/","title":{"rendered":"Napoleon Phantom Rogue Pro 30 Inch RP30FTPK-DE-PHM"},"content":{"rendered":"<p>Der Napoleon Phantom Rogue PRO Plancha bringt elegante Optik und kulinarische Vielfalt in die Outdoor-K\u00fcche. Mit der gro\u00dfz\u00fcgigen Edelstahl-Grillfl\u00e4che (70\u202f\u00d7\u202f44\u202fcm) und vier leistungsstarken Brennern mit bis zu 10,8\u202fkW ist der Phantom Plancha ein vollwertiger Grill f\u00fcr alle, die gern kreativ und aromaintensiv grillen \u2013 von Fisch und Gem\u00fcse bis zu Fr\u00fchst\u00fcck oder Dessert. Das mattschwarze Phantom-Design macht den Plancha-Grill zum stilvollen Blickfang, doch auch die inneren Werte sind der Rede wert: LED-beleuchtete Regler, klappbare Seitenablagen mit Flaschen\u00f6ffner, eine gro\u00dfe Fettauffangwanne sowie leichtg\u00e4ngige Rollen sorgen f\u00fcr h\u00f6chsten Bedienkomfort. Ein weiteres cleveres Detail ist der herausnehmbare Vorratsbeh\u00e4lter im linken Seitentisch \u2013 ideal zur Vorbereitung oder als multifunktionaler Stauraum. Ob als Hauptgrill oder als Erg\u00e4nzung zum bestehenden Set-up: Der Phantom Rogue PRO Plancha ist f\u00fcr alle gemacht, die beim Grillen Wert auf Qualit\u00e4t, Vielseitigkeit und Design legen.<\/p>\n","protected":false},"excerpt":{"rendered":"<p>Der Napoleon Phantom Rogue PRO Plancha bringt elegante Optik und kulinarische Vielfalt in die Outdoor-K\u00fcche. Mit der gro\u00dfz\u00fcgigen Edelstahl-Grillfl\u00e4che (70\u202f\u00d7\u202f44\u202fcm) und vier leistungsstarken Brennern mit bis zu 10,8\u202fkW ist der Phantom Plancha ein vollwertiger Grill f\u00fcr alle, die gern kreativ und aromaintensiv grillen \u2013 von Fisch und Gem\u00fcse bis zu Fr\u00fchst\u00fcck oder Dessert. Das mattschwarze [&hellip;]<\/p>\n","protected":false},"featured_media":14784,"template":"","meta":[],"product_brand":[],"product_cat":[193,145],"product_tag":[],"class_list":{"0":"post-14782","1":"product","2":"type-product","3":"status-publish","4":"has-post-thumbnail","6":"product_cat-gasgrill","7":"product_cat-grillen","9":"first","10":"instock","11":"shipping-taxable","12":"purchasable","13":"product-type-simple","14":"add-to-wishlist-after_add_to_cart"},"_links":{"self":[{"href":"https:\/\/www.strasser-markt.at\/einkaufen\/wp-json\/wp\/v2\/product\/14782","targetHints":{"allow":["GET"]}}],"collection":[{"href":"https:\/\/www.strasser-markt.at\/einkaufen\/wp-json\/wp\/v2\/product"}],"about":[{"href":"https:\/\/www.strasser-markt.at\/einkaufen\/wp-json\/wp\/v2\/types\/product"}],"wp:featuredmedia":[{"embeddable":true,"href":"https:\/\/www.strasser-markt.at\/einkaufen\/wp-json\/wp\/v2\/media\/14784"}],"wp:attachment":[{"href":"https:\/\/www.strasser-markt.at\/einkaufen\/wp-json\/wp\/v2\/media?parent=14782"}],"wp:term":[{"taxonomy":"product_brand","embeddable":true,"href":"https:\/\/www.strasser-markt.at\/einkaufen\/wp-json\/wp\/v2\/product_brand?post=14782"},{"taxonomy":"product_cat","embeddable":true,"href":"https:\/\/www.strasser-markt.at\/einkaufen\/wp-json\/wp\/v2\/product_cat?post=14782"},{"taxonomy":"product_tag","embeddable":true,"href":"https:\/\/www.strasser-markt.at\/einkaufen\/wp-json\/wp\/v2\/product_tag?post=14782"}],"curies":[{"name":"wp","href":"https:\/\/api.w.org\/{rel}","templated":true}]}}