{"id":14969,"date":"2026-02-03T07:37:34","date_gmt":"2026-02-03T06:37:34","guid":{"rendered":"https:\/\/www.strasser-markt.at\/einkaufen\/?post_type=product&#038;p=14969"},"modified":"2026-02-03T07:47:45","modified_gmt":"2026-02-03T06:47:45","slug":"segway-navimow-i210e-awd","status":"publish","type":"product","link":"https:\/\/www.strasser-markt.at\/einkaufen\/produkt\/segway-navimow-i210e-awd\/","title":{"rendered":"Segway Navimow i210E AWD"},"content":{"rendered":"<p data-start=\"88\" data-end=\"162\"><strong data-start=\"88\" data-end=\"162\">Navimow i210E AWD \u2013 Intelligenter M\u00e4hroboter f\u00fcr anspruchsvolle G\u00e4rten<\/strong><\/p>\n<p data-start=\"164\" data-end=\"516\">Der <strong data-start=\"168\" data-end=\"189\">Navimow i210E AWD<\/strong> ist ein leistungsstarker und pr\u00e4ziser M\u00e4hroboter, entwickelt f\u00fcr Rasenfl\u00e4chen bis zu <strong data-start=\"275\" data-end=\"287\">1.000 m\u00b2<\/strong> (bzw. <strong data-start=\"294\" data-end=\"314\">1.500 m\u00b2 pro Tag<\/strong> maximale Fl\u00e4chenleistung). Dank seines <strong data-start=\"354\" data-end=\"378\">Allradantriebs (AWD)<\/strong> meistert er selbst unebenes Gel\u00e4nde und Steigungen von bis zu <strong data-start=\"441\" data-end=\"449\">45 %<\/strong> m\u00fchelos \u2013 ideal f\u00fcr G\u00e4rten mit H\u00e4ngen oder komplexer Topografie.<\/p>\n<p data-start=\"518\" data-end=\"847\">Ausgestattet mit einem <strong data-start=\"541\" data-end=\"564\">5,1 Ah Lithium-Akku<\/strong>, arbeitet der i210E AWD bis zu <strong data-start=\"596\" data-end=\"611\">120 Minuten<\/strong> pro Ladezyklus, bevor er sich innerhalb von <strong data-start=\"656\" data-end=\"671\">120 Minuten<\/strong> vollst\u00e4ndig wieder aufl\u00e4dt. Die <strong data-start=\"704\" data-end=\"731\">Schnittbreite von 18 cm<\/strong> und die <strong data-start=\"740\" data-end=\"793\">manuell einstellbare Schnitth\u00f6he von 20 bis 60 mm<\/strong> sorgen f\u00fcr ein sauberes, gleichm\u00e4\u00dfiges Schnittbild.<\/p>\n<p data-start=\"849\" data-end=\"1114\">Mit einem <strong data-start=\"859\" data-end=\"893\">Ger\u00e4uschpegel von nur 58 dB(A)<\/strong> arbeitet der Roboter besonders leise und st\u00f6rt weder Sie noch Ihre Nachbarn. Trotz seiner starken Leistung ist er kompakt und leicht \u2013 mit einem Gewicht von <strong data-start=\"1051\" data-end=\"1062\">12,3 kg<\/strong> (bzw. <strong data-start=\"1069\" data-end=\"1080\">10,9 kg<\/strong> bei der Standardversion i210E).<\/p>\n<p data-start=\"1116\" data-end=\"1323\">Der Navimow i210E AWD geh\u00f6rt zur innovativen <strong data-start=\"1161\" data-end=\"1180\">Navimow i-Serie<\/strong>, die durch intelligente Navigation, hohe Effizienz und modernes Design \u00fcberzeugt \u2013 f\u00fcr einen perfekt gepflegten Rasen bei minimalem Aufwand.<\/p>\n<p data-start=\"1116\" data-end=\"1323\">Verf\u00fcgbar ab Februar 2026<\/p>\n","protected":false},"excerpt":{"rendered":"<p>i210E AWD M\u00e4hleistung (max) 800 m2 1.000 m2 Lithium-Akku 5,1 Ah 5,1 Ah M\u00e4hdauer \/ Einsatz* ca. 120 Minuten ca. 120 Minuten Ladezeit Akku 120 Minuten 120 Minuten Max. Fl\u00e4chenleistung** 1.000 m2 pro Tag 1.500 m2 pro Tag Schnittbreite 18 cm 18 cm Schnitth\u00f6hen 20 &#8211; 60 mm (manuell) 20 &#8211; 60 mm (manuell) Steigf\u00e4higkeit bis zu 30 % bis zu 45 % Ger\u00e4uschpegel 58 dB(A) 58 dB(A) Gewicht 10,9 kg 12,3 kg Roboter Navimow i-Serie *Getestet mit 100 % Akku und bis zum Erreichen eines Akkustandes von 0 % bei einer Umgebungstemperatur von 25 \u00b0C auf einer flachen Rasenfl\u00e4che<\/p>\n","protected":false},"featured_media":14970,"template":"","meta":[],"product_brand":[],"product_cat":[276],"product_tag":[],"class_list":{"0":"post-14969","1":"product","2":"type-product","3":"status-publish","4":"has-post-thumbnail","6":"product_cat-segway","8":"first","9":"instock","10":"shipping-taxable","11":"purchasable","12":"product-type-simple","13":"add-to-wishlist-after_add_to_cart"},"_links":{"self":[{"href":"https:\/\/www.strasser-markt.at\/einkaufen\/wp-json\/wp\/v2\/product\/14969","targetHints":{"allow":["GET"]}}],"collection":[{"href":"https:\/\/www.strasser-markt.at\/einkaufen\/wp-json\/wp\/v2\/product"}],"about":[{"href":"https:\/\/www.strasser-markt.at\/einkaufen\/wp-json\/wp\/v2\/types\/product"}],"wp:featuredmedia":[{"embeddable":true,"href":"https:\/\/www.strasser-markt.at\/einkaufen\/wp-json\/wp\/v2\/media\/14970"}],"wp:attachment":[{"href":"https:\/\/www.strasser-markt.at\/einkaufen\/wp-json\/wp\/v2\/media?parent=14969"}],"wp:term":[{"taxonomy":"product_brand","embeddable":true,"href":"https:\/\/www.strasser-markt.at\/einkaufen\/wp-json\/wp\/v2\/product_brand?post=14969"},{"taxonomy":"product_cat","embeddable":true,"href":"https:\/\/www.strasser-markt.at\/einkaufen\/wp-json\/wp\/v2\/product_cat?post=14969"},{"taxonomy":"product_tag","embeddable":true,"href":"https:\/\/www.strasser-markt.at\/einkaufen\/wp-json\/wp\/v2\/product_tag?post=14969"}],"curies":[{"name":"wp","href":"https:\/\/api.w.org\/{rel}","templated":true}]}}