{"id":14980,"date":"2026-02-03T11:28:46","date_gmt":"2026-02-03T10:28:46","guid":{"rendered":"https:\/\/www.strasser-markt.at\/einkaufen\/?post_type=product&#038;p=14980"},"modified":"2026-02-03T11:29:25","modified_gmt":"2026-02-03T10:29:25","slug":"segway-navimow-x430e-awd-neu-allrad","status":"publish","type":"product","link":"https:\/\/www.strasser-markt.at\/einkaufen\/produkt\/segway-navimow-x430e-awd-neu-allrad\/","title":{"rendered":"Segway Navimow X430E AWD NEU ALLRAD"},"content":{"rendered":"<div class=\"Box-sc-wfmb7k-0 sc-58d551c2-1 eAlMzq\" data-testid=\"ad-description-Beschreibung\">\n<p><strong>Navimow X430E AWD \u2013 Leistungsstarker M\u00e4hroboter f\u00fcr gro\u00dfe G\u00e4rten<\/strong><\/p>\n<p>Der <strong>Navimow X430E AWD<\/strong> ist perfekt f\u00fcr G\u00e4rten bis zu <strong>3.000 m\u00b2<\/strong> und kombiniert maximale Effizienz mit modernster Technologie. Mit seinem <strong>Allradantrieb (AWD)<\/strong> meistert er m\u00fchelos Steigungen von bis zu <strong>84 %<\/strong> und sorgt selbst auf unebenem oder h\u00fcgeligem Gel\u00e4nde f\u00fcr einen gleichm\u00e4\u00dfigen, sauberen Rasenschnitt.<\/p>\n<p>Der <strong>12,8 Ah Lithium-Akku<\/strong> erm\u00f6glicht eine <strong>M\u00e4hdauer von ca. 110 Minuten<\/strong>, bevor der Roboter in nur <strong>90 Minuten<\/strong> vollst\u00e4ndig aufgeladen ist. So kann er innerhalb von <strong>11 Stunden eine Fl\u00e4che von 3.000 m\u00b2<\/strong> bearbeiten \u2013 ideal f\u00fcr gro\u00dfe Rasenfl\u00e4chen ohne st\u00e4ndiges Nachladen.<\/p>\n<p>Die <strong>Schnittbreite von 43 cm<\/strong> sorgt f\u00fcr schnelles Arbeiten, w\u00e4hrend die <strong>elektrisch verstellbare Schnitth\u00f6he von 20 bis 95 mm<\/strong> flexible Pflege und individuelle Anpassung an unterschiedliche Rasenarten erlaubt. Mit einem Ger\u00e4uschpegel von nur <strong>68 dB(A)<\/strong> arbeitet der X430E AWD angenehm leise, ohne zu st\u00f6ren.<\/p>\n<p>Mit einem Gewicht von <strong>28,9 kg<\/strong> verbindet der Navimow X430E AWD robuste Bauweise, intelligente Navigation und h\u00f6chste Pr\u00e4zision \u2013 f\u00fcr einen perfekt gepflegten Rasen mit minimalem Aufwand.<\/p>\n<p>Verkaufsstart: Februar 2026<\/p>\n<p>M\u00e4hroboter , Rasenroboter, Rasenm\u00e4her, Rasenm\u00e4hroboter , Allrad , Gel\u00e4nde<\/p>\n<\/div>\n","protected":false},"excerpt":{"rendered":"<p>Navimow X430E AWD \u2013 Leistungsstarker M\u00e4hroboter f\u00fcr gro\u00dfe G\u00e4rten Der Navimow X430E AWD ist perfekt f\u00fcr G\u00e4rten bis zu 3.000 m\u00b2 und kombiniert maximale Effizienz mit modernster Technologie. Mit seinem Allradantrieb (AWD) meistert er m\u00fchelos Steigungen von bis zu 84 % und sorgt selbst auf unebenem oder h\u00fcgeligem Gel\u00e4nde f\u00fcr einen gleichm\u00e4\u00dfigen, sauberen Rasenschnitt. Der [&hellip;]<\/p>\n","protected":false},"featured_media":14976,"template":"","meta":[],"product_brand":[],"product_cat":[276],"product_tag":[],"class_list":{"0":"post-14980","1":"product","2":"type-product","3":"status-publish","4":"has-post-thumbnail","6":"product_cat-segway","8":"first","9":"instock","10":"shipping-taxable","11":"purchasable","12":"product-type-simple","13":"add-to-wishlist-after_add_to_cart"},"_links":{"self":[{"href":"https:\/\/www.strasser-markt.at\/einkaufen\/wp-json\/wp\/v2\/product\/14980","targetHints":{"allow":["GET"]}}],"collection":[{"href":"https:\/\/www.strasser-markt.at\/einkaufen\/wp-json\/wp\/v2\/product"}],"about":[{"href":"https:\/\/www.strasser-markt.at\/einkaufen\/wp-json\/wp\/v2\/types\/product"}],"wp:featuredmedia":[{"embeddable":true,"href":"https:\/\/www.strasser-markt.at\/einkaufen\/wp-json\/wp\/v2\/media\/14976"}],"wp:attachment":[{"href":"https:\/\/www.strasser-markt.at\/einkaufen\/wp-json\/wp\/v2\/media?parent=14980"}],"wp:term":[{"taxonomy":"product_brand","embeddable":true,"href":"https:\/\/www.strasser-markt.at\/einkaufen\/wp-json\/wp\/v2\/product_brand?post=14980"},{"taxonomy":"product_cat","embeddable":true,"href":"https:\/\/www.strasser-markt.at\/einkaufen\/wp-json\/wp\/v2\/product_cat?post=14980"},{"taxonomy":"product_tag","embeddable":true,"href":"https:\/\/www.strasser-markt.at\/einkaufen\/wp-json\/wp\/v2\/product_tag?post=14980"}],"curies":[{"name":"wp","href":"https:\/\/api.w.org\/{rel}","templated":true}]}}