{"id":14981,"date":"2026-02-03T11:29:43","date_gmt":"2026-02-03T10:29:43","guid":{"rendered":"https:\/\/www.strasser-markt.at\/einkaufen\/?post_type=product&#038;p=14981"},"modified":"2026-02-03T11:30:12","modified_gmt":"2026-02-03T10:30:12","slug":"segway-navimow-x450e-awd-neu-allrad","status":"publish","type":"product","link":"https:\/\/www.strasser-markt.at\/einkaufen\/produkt\/segway-navimow-x450e-awd-neu-allrad\/","title":{"rendered":"Segway Navimow X450E AWD NEU ALLRAD"},"content":{"rendered":"<div class=\"Box-sc-wfmb7k-0 sc-58d551c2-1 eAlMzq\" data-testid=\"ad-description-Beschreibung\">\n<div class=\"Box-sc-wfmb7k-0 sc-58d551c2-1 eAlMzq\" data-testid=\"ad-description-Beschreibung\">\n<p><strong>Navimow X450E AWD \u2013 Profi-M\u00e4hroboter f\u00fcr sehr gro\u00dfe Rasenfl\u00e4chen<\/strong><\/p>\n<p>Der <strong>Navimow X450E AWD<\/strong> ist ideal f\u00fcr Rasenfl\u00e4chen bis zu <strong>5.000 m\u00b2<\/strong> und \u00fcberzeugt durch maximale Leistung, Pr\u00e4zision und Effizienz. Dank seines <strong>Allradantriebs (AWD)<\/strong> bew\u00e4ltigt er Steigungen von bis zu <strong>84 %<\/strong> problemlos und liefert selbst auf unebenem oder h\u00fcgeligem Gel\u00e4nde ein gleichm\u00e4\u00dfiges Schnittbild.<\/p>\n<p>Mit dem leistungsstarken <strong>15,0 Ah Lithium-Akku<\/strong> m\u00e4ht der X450E AWD bis zu <strong>130 Minuten<\/strong> pro Einsatz. Die <strong>Ladezeit von 100 Minuten<\/strong> erm\u00f6glicht eine kontinuierliche Nutzung, sodass er innerhalb von <strong>15 Stunden eine Fl\u00e4che von 5.000 m\u00b2<\/strong> vollst\u00e4ndig bearbeiten kann \u2013 perfekt f\u00fcr sehr gro\u00dfe G\u00e4rten oder professionelle Anwendungen.<\/p>\n<p>Die <strong>Schnittbreite von 43 cm<\/strong> kombiniert mit der <strong>elektrisch verstellbaren Schnitth\u00f6he von 20 bis 95 mm<\/strong> sorgt f\u00fcr flexible, individuelle Rasenpflege. Trotz seiner hohen Leistung arbeitet der Roboter mit nur <strong>68 dB(A)<\/strong> angenehm leise.<\/p>\n<p>Mit einem Gewicht von <strong>29,2 kg<\/strong> bietet der Navimow X450E AWD robuste Verarbeitung, intelligente Navigation und h\u00f6chste Effizienz \u2013 f\u00fcr einen perfekt gepflegten Rasen, selbst auf sehr gro\u00dfen Fl\u00e4chen.<\/p>\n<p>Verkaufsstart: Februar 2026<\/p>\n<p>M\u00e4hroboter , Rasenroboter, Rasenm\u00e4her, Rasenm\u00e4hroboter , Allrad , Gel\u00e4nde<\/p>\n<\/div>\n<\/div>\n","protected":false},"excerpt":{"rendered":"<p>Navimow X450E AWD \u2013 Profi-M\u00e4hroboter f\u00fcr sehr gro\u00dfe Rasenfl\u00e4chen Der Navimow X450E AWD ist ideal f\u00fcr Rasenfl\u00e4chen bis zu 5.000 m\u00b2 und \u00fcberzeugt durch maximale Leistung, Pr\u00e4zision und Effizienz. Dank seines Allradantriebs (AWD) bew\u00e4ltigt er Steigungen von bis zu 84 % problemlos und liefert selbst auf unebenem oder h\u00fcgeligem Gel\u00e4nde ein gleichm\u00e4\u00dfiges Schnittbild. Mit dem [&hellip;]<\/p>\n","protected":false},"featured_media":14976,"template":"","meta":[],"product_brand":[],"product_cat":[276],"product_tag":[],"class_list":{"0":"post-14981","1":"product","2":"type-product","3":"status-publish","4":"has-post-thumbnail","6":"product_cat-segway","8":"first","9":"instock","10":"shipping-taxable","11":"purchasable","12":"product-type-simple","13":"add-to-wishlist-after_add_to_cart"},"_links":{"self":[{"href":"https:\/\/www.strasser-markt.at\/einkaufen\/wp-json\/wp\/v2\/product\/14981","targetHints":{"allow":["GET"]}}],"collection":[{"href":"https:\/\/www.strasser-markt.at\/einkaufen\/wp-json\/wp\/v2\/product"}],"about":[{"href":"https:\/\/www.strasser-markt.at\/einkaufen\/wp-json\/wp\/v2\/types\/product"}],"wp:featuredmedia":[{"embeddable":true,"href":"https:\/\/www.strasser-markt.at\/einkaufen\/wp-json\/wp\/v2\/media\/14976"}],"wp:attachment":[{"href":"https:\/\/www.strasser-markt.at\/einkaufen\/wp-json\/wp\/v2\/media?parent=14981"}],"wp:term":[{"taxonomy":"product_brand","embeddable":true,"href":"https:\/\/www.strasser-markt.at\/einkaufen\/wp-json\/wp\/v2\/product_brand?post=14981"},{"taxonomy":"product_cat","embeddable":true,"href":"https:\/\/www.strasser-markt.at\/einkaufen\/wp-json\/wp\/v2\/product_cat?post=14981"},{"taxonomy":"product_tag","embeddable":true,"href":"https:\/\/www.strasser-markt.at\/einkaufen\/wp-json\/wp\/v2\/product_tag?post=14981"}],"curies":[{"name":"wp","href":"https:\/\/api.w.org\/{rel}","templated":true}]}}