{"id":14982,"date":"2026-02-03T14:30:42","date_gmt":"2026-02-03T13:30:42","guid":{"rendered":"https:\/\/www.strasser-markt.at\/einkaufen\/?post_type=product&#038;p=14982"},"modified":"2026-02-03T14:30:43","modified_gmt":"2026-02-03T13:30:43","slug":"segway-navimowterranox-cm120m1","status":"publish","type":"product","link":"https:\/\/www.strasser-markt.at\/einkaufen\/produkt\/segway-navimowterranox-cm120m1\/","title":{"rendered":"Segway Navimow Terranox CM120M1"},"content":{"rendered":"<div class=\"itemcardTopDescription marginBottom--small\">\n<div class=\"itemcardTopDescription__inner\">Navimow steht f\u00fcr intelligente, effiziente und nachhaltige Rasenpflege im professionellen Einsatz. Speziell f\u00fcr gro\u00dfe und komplexe Fl\u00e4chen entwickelt, helfen unsere autonomen M\u00e4hroboter dabei, nachhaltig Betriebskosten zu senken bei einer konstanten M\u00e4hqualit\u00e4t. Emissionsfrei, extrem leise und f\u00fcr den zuverl\u00e4ssigen 24\/7-Dauerbetrieb ausgelegt, eignen sich die Navimow Terranox Modelle ideal f\u00fcr Sportpl\u00e4tze, \u00f6ffentliche Gr\u00fcnanlagen, Hotelareale und gewerbliche Au\u00dfenfl\u00e4chen. Der Navimow Terranox kombiniert pr\u00e4zise Positionierung und automatische Kartierung f\u00fcr autonomen Betrieb auf jedem Terrain. Mit NavimowFleet\u2122 steuern, \u00fcberwachen und verwalten Sie Ihre gesamte M\u00e4herflotte zentral \u2013 inklusive Standort, Leistung und Maschinenstatus. Die Terranox Modelle CM120M1 und CM240M1 vereinen alle Vorteile der X4-Serie und definieren professionelle Rasenpflege neu: leistungsstark, wirtschaftlich und zukunftssicher.<\/div>\n<\/div>\n","protected":false},"excerpt":{"rendered":"<h2 class=\"h3\">Features<\/h2>\n<ul>\n<li>24\/7 autonomer Betrieb \u2013 Zuverl\u00e4ssige Rasenpflege rund um die Uhr, auch auf gro\u00dfen und komplexen Fl\u00e4chen<\/li>\n<li>Wirksame Entlastung des Personals \u2013 Weniger manuelle Arbeit, mehr Planungssicherheit<\/li>\n<li>Emissionsfrei &amp; leise \u2013 Ideal f\u00fcr \u00f6ffentliche Anlagen, Hotels, Sportpl\u00e4tze und sensible Bereiche<\/li>\n<li>Deutlich reduzierte Betriebskosten \u2013 Weniger Personalaufwand, geringere Energie- und Wartungskosten<\/li>\n<li>Terranox 4WD f\u00fcr jedes Terrain \u2013 Maximale Traktion und Stabilit\u00e4t auf anspruchsvollen Fl\u00e4chen<\/li>\n<li>Pr\u00e4zise Positionierung &amp; Autokartierung \u2013 Sofort einsatzbereit, kein Begrenzungskabel n\u00f6tig<\/li>\n<li>NavimowFleet\u2122 Flottenmanagement \u2013 Zentrale Steuerung, Fern\u00fcberwachung und Statuskontrolle in Echtzeit<\/li>\n<li>Jederzeit voller \u00dcberblick \u00fcber Standort, Leistung und Zustand jeder Maschine<\/li>\n<li>Skalierbare L\u00f6sung \u2013 Einfacher Ausbau von Einzelger\u00e4ten bis zur kompletten M\u00e4herflotte<\/li>\n<li>Die n\u00e4chste Generation professioneller M\u00e4hroboter: intelligent, produktiv, wirtschaftlich<\/li>\n<\/ul>\n<p>ab sofort bestellbar!<\/p>\n<h2 class=\"h3\">Technische Daten<\/h2>\n<table class=\"attributes itemcardAttributes\">\n<tbody>\n<tr>\n<td class=\"attribute_code\">Marke<\/td>\n<td class=\"attribute_text\">\n<div class=\"image\"><img decoding=\"async\" src=\"https:\/\/www.herkules-haendler.de\/userdata\/dcshop\/filter_icon\/1370_segway-navimow.png\" alt=\"Segway Navimow\" \/><\/div>\n<\/td>\n<\/tr>\n<tr>\n<td class=\"attribute_code\">M\u00e4hleistung max.<\/td>\n<td class=\"attribute_text\">12000 m\u00b2<\/td>\n<\/tr>\n<tr>\n<td class=\"attribute_code\">Schnittbreite in cm<\/td>\n<td class=\"attribute_text\">43<\/td>\n<\/tr>\n<tr>\n<td class=\"attribute_code\">Lithium Batterie<\/td>\n<td class=\"attribute_text\">20 Ah<\/td>\n<\/tr>\n<tr>\n<td class=\"attribute_code\">Ma\u00dfe Ger\u00e4t (mm)<\/td>\n<td class=\"attribute_text\">850 x 610 x 351<\/td>\n<\/tr>\n<tr>\n<td class=\"attribute_code\">Gewicht mit Batterie (kg)<\/td>\n<td class=\"attribute_text\">29,6<\/td>\n<\/tr>\n<tr>\n<td class=\"attribute_code\">Schnitth\u00f6hen (mm)<\/td>\n<td class=\"attribute_text\">20-95<\/td>\n<\/tr>\n<tr>\n<td class=\"attribute_code\">M\u00e4hzeit (vol. Ladung in min)<\/td>\n<td class=\"attribute_text\">145<\/td>\n<\/tr>\n<tr>\n<td class=\"attribute_code\">Ladezeit (min)<\/td>\n<td class=\"attribute_text\">145<\/td>\n<\/tr>\n<tr>\n<td class=\"attribute_code\">Steigf\u00e4higkeit in %<\/td>\n<td class=\"attribute_text\">84<\/td>\n<\/tr>\n<tr>\n<td class=\"attribute_code\">Automatisches Laden<\/td>\n<td class=\"attribute_text\">Ja<\/td>\n<\/tr>\n<tr>\n<td class=\"attribute_code\">elektr. Schnitth\u00f6he<\/td>\n<td class=\"attribute_text\">Ja<\/td>\n<\/tr>\n<tr>\n<td class=\"attribute_code\">Regensensor<\/td>\n<td class=\"attribute_text\">Wetter-App-gesteuert<\/td>\n<\/tr>\n<\/tbody>\n<\/table>\n","protected":false},"featured_media":14983,"template":"","meta":[],"product_brand":[],"product_cat":[276],"product_tag":[],"class_list":{"0":"post-14982","1":"product","2":"type-product","3":"status-publish","4":"has-post-thumbnail","6":"product_cat-segway","8":"first","9":"instock","10":"shipping-taxable","11":"purchasable","12":"product-type-simple","13":"add-to-wishlist-after_add_to_cart"},"_links":{"self":[{"href":"https:\/\/www.strasser-markt.at\/einkaufen\/wp-json\/wp\/v2\/product\/14982","targetHints":{"allow":["GET"]}}],"collection":[{"href":"https:\/\/www.strasser-markt.at\/einkaufen\/wp-json\/wp\/v2\/product"}],"about":[{"href":"https:\/\/www.strasser-markt.at\/einkaufen\/wp-json\/wp\/v2\/types\/product"}],"wp:featuredmedia":[{"embeddable":true,"href":"https:\/\/www.strasser-markt.at\/einkaufen\/wp-json\/wp\/v2\/media\/14983"}],"wp:attachment":[{"href":"https:\/\/www.strasser-markt.at\/einkaufen\/wp-json\/wp\/v2\/media?parent=14982"}],"wp:term":[{"taxonomy":"product_brand","embeddable":true,"href":"https:\/\/www.strasser-markt.at\/einkaufen\/wp-json\/wp\/v2\/product_brand?post=14982"},{"taxonomy":"product_cat","embeddable":true,"href":"https:\/\/www.strasser-markt.at\/einkaufen\/wp-json\/wp\/v2\/product_cat?post=14982"},{"taxonomy":"product_tag","embeddable":true,"href":"https:\/\/www.strasser-markt.at\/einkaufen\/wp-json\/wp\/v2\/product_tag?post=14982"}],"curies":[{"name":"wp","href":"https:\/\/api.w.org\/{rel}","templated":true}]}}