{"id":14987,"date":"2026-02-03T14:31:13","date_gmt":"2026-02-03T13:31:13","guid":{"rendered":"https:\/\/www.strasser-markt.at\/einkaufen\/?post_type=product&#038;p=14987"},"modified":"2026-02-03T14:32:15","modified_gmt":"2026-02-03T13:32:15","slug":"segway-navimow-terranox-cm240m1","status":"publish","type":"product","link":"https:\/\/www.strasser-markt.at\/einkaufen\/produkt\/segway-navimow-terranox-cm240m1\/","title":{"rendered":"Segway Navimow Terranox CM240M1"},"content":{"rendered":"<div class=\"itemcardTopDescription marginBottom--small\">\n<div class=\"itemcardTopDescription__inner\">\n<h2 class=\"h3\">Features<\/h2>\n<ul>\n<li><\/li>\n<li>24\/7 autonomer Betrieb \u2013 Zuverl\u00e4ssige Rasenpflege rund um die Uhr, auch auf gro\u00dfen und komplexen Fl\u00e4chen<\/li>\n<li>Wirksame Entlastung des Personals \u2013 Weniger manuelle Arbeit, mehr Planungssicherheit<\/li>\n<li>Emissionsfrei &amp; leise \u2013 Ideal f\u00fcr \u00f6ffentliche Anlagen, Hotels, Sportpl\u00e4tze und sensible Bereiche<\/li>\n<li>Deutlich reduzierte Betriebskosten \u2013 Weniger Personalaufwand, geringere Energie- und Wartungskosten<\/li>\n<li>Terranox 4WD f\u00fcr jedes Terrain \u2013 Maximale Traktion und Stabilit\u00e4t auf anspruchsvollen Fl\u00e4chen<\/li>\n<li>Pr\u00e4zise Positionierung &amp; Autokartierung \u2013 Sofort einsatzbereit, kein Begrenzungskabel n\u00f6tig<\/li>\n<li>NavimowFleet\u2122 Flottenmanagement \u2013 Zentrale Steuerung, Fern\u00fcberwachung und Statuskontrolle in Echtzeit<\/li>\n<li>Jederzeit voller \u00dcberblick \u00fcber Standort, Leistung und Zustand jeder Maschine<\/li>\n<li>Skalierbare L\u00f6sung \u2013 Einfacher Ausbau von Einzelger\u00e4ten bis zur kompletten M\u00e4herflotte<\/li>\n<li>Die n\u00e4chste Generation professioneller M\u00e4hroboter: intelligent, produktiv, wirtschaftlich<\/li>\n<\/ul>\n<\/div>\n<\/div>\n","protected":false},"excerpt":{"rendered":"<h2 class=\"h3\">Features<\/h2>\n<ul>\n<li><\/li>\n<li>24\/7 autonomer Betrieb \u2013 Zuverl\u00e4ssige Rasenpflege rund um die Uhr, auch auf gro\u00dfen und komplexen Fl\u00e4chen<\/li>\n<li>Wirksame Entlastung des Personals \u2013 Weniger manuelle Arbeit, mehr Planungssicherheit<\/li>\n<li>Emissionsfrei &amp; leise \u2013 Ideal f\u00fcr \u00f6ffentliche Anlagen, Hotels, Sportpl\u00e4tze und sensible Bereiche<\/li>\n<li>Deutlich reduzierte Betriebskosten \u2013 Weniger Personalaufwand, geringere Energie- und Wartungskosten<\/li>\n<li>Terranox 4WD f\u00fcr jedes Terrain \u2013 Maximale Traktion und Stabilit\u00e4t auf anspruchsvollen Fl\u00e4chen<\/li>\n<li>Pr\u00e4zise Positionierung &amp; Autokartierung \u2013 Sofort einsatzbereit, kein Begrenzungskabel n\u00f6tig<\/li>\n<li>NavimowFleet\u2122 Flottenmanagement \u2013 Zentrale Steuerung, Fern\u00fcberwachung und Statuskontrolle in Echtzeit<\/li>\n<li>Jederzeit voller \u00dcberblick \u00fcber Standort, Leistung und Zustand jeder Maschine<\/li>\n<li>Skalierbare L\u00f6sung \u2013 Einfacher Ausbau von Einzelger\u00e4ten bis zur kompletten M\u00e4herflotte<\/li>\n<li>Die n\u00e4chste Generation professioneller M\u00e4hroboter: intelligent, produktiv, wirtschaftlich<\/li>\n<\/ul>\n<p>ab sofort bestellbar!<\/p>\n<h2 class=\"h3\">Technische Daten<\/h2>\n<table class=\"attributes itemcardAttributes\">\n<tbody>\n<tr>\n<td class=\"attribute_code\">Marke<\/td>\n<td class=\"attribute_text\">\n<div class=\"image\"><img decoding=\"async\" src=\"https:\/\/www.herkules-haendler.de\/userdata\/dcshop\/filter_icon\/1370_segway-navimow.png\" alt=\"Segway Navimow\" \/><\/div>\n<\/td>\n<\/tr>\n<tr>\n<td class=\"attribute_code\">M\u00e4hleistung max.<\/td>\n<td class=\"attribute_text\">24000 m\u00b2<\/td>\n<\/tr>\n<tr>\n<td class=\"attribute_code\">Schnittbreite in cm<\/td>\n<td class=\"attribute_text\">43<\/td>\n<\/tr>\n<tr>\n<td class=\"attribute_code\">Lithium Batterie<\/td>\n<td class=\"attribute_text\">25 Ah<\/td>\n<\/tr>\n<tr>\n<td class=\"attribute_code\">Ma\u00dfe Ger\u00e4t (mm)<\/td>\n<td class=\"attribute_text\">850 x 610 x 351<\/td>\n<\/tr>\n<tr>\n<td class=\"attribute_code\">Gewicht mit Batterie (kg)<\/td>\n<td class=\"attribute_text\">30,0<\/td>\n<\/tr>\n<tr>\n<td class=\"attribute_code\">Schnitth\u00f6hen (mm)<\/td>\n<td class=\"attribute_text\">20-95<\/td>\n<\/tr>\n<tr>\n<td class=\"attribute_code\">M\u00e4hzeit (vol. Ladung in min)<\/td>\n<td class=\"attribute_text\">180<\/td>\n<\/tr>\n<tr>\n<td class=\"attribute_code\">Ladezeit (min)<\/td>\n<td class=\"attribute_text\">180<\/td>\n<\/tr>\n<tr>\n<td class=\"attribute_code\">Steigf\u00e4higkeit in %<\/td>\n<td class=\"attribute_text\">84<\/td>\n<\/tr>\n<tr>\n<td class=\"attribute_code\">Automatisches Laden<\/td>\n<td class=\"attribute_text\">Ja<\/td>\n<\/tr>\n<tr>\n<td class=\"attribute_code\">elektr. Schnitth\u00f6he<\/td>\n<td class=\"attribute_text\">Ja<\/td>\n<\/tr>\n<tr>\n<td class=\"attribute_code\">Regensensor<\/td>\n<td class=\"attribute_text\">Wetter-App-gesteuert<\/td>\n<\/tr>\n<\/tbody>\n<\/table>\n","protected":false},"featured_media":14983,"template":"","meta":[],"product_brand":[],"product_cat":[276],"product_tag":[],"class_list":{"0":"post-14987","1":"product","2":"type-product","3":"status-publish","4":"has-post-thumbnail","6":"product_cat-segway","8":"first","9":"instock","10":"shipping-taxable","11":"purchasable","12":"product-type-simple","13":"add-to-wishlist-after_add_to_cart"},"_links":{"self":[{"href":"https:\/\/www.strasser-markt.at\/einkaufen\/wp-json\/wp\/v2\/product\/14987","targetHints":{"allow":["GET"]}}],"collection":[{"href":"https:\/\/www.strasser-markt.at\/einkaufen\/wp-json\/wp\/v2\/product"}],"about":[{"href":"https:\/\/www.strasser-markt.at\/einkaufen\/wp-json\/wp\/v2\/types\/product"}],"wp:featuredmedia":[{"embeddable":true,"href":"https:\/\/www.strasser-markt.at\/einkaufen\/wp-json\/wp\/v2\/media\/14983"}],"wp:attachment":[{"href":"https:\/\/www.strasser-markt.at\/einkaufen\/wp-json\/wp\/v2\/media?parent=14987"}],"wp:term":[{"taxonomy":"product_brand","embeddable":true,"href":"https:\/\/www.strasser-markt.at\/einkaufen\/wp-json\/wp\/v2\/product_brand?post=14987"},{"taxonomy":"product_cat","embeddable":true,"href":"https:\/\/www.strasser-markt.at\/einkaufen\/wp-json\/wp\/v2\/product_cat?post=14987"},{"taxonomy":"product_tag","embeddable":true,"href":"https:\/\/www.strasser-markt.at\/einkaufen\/wp-json\/wp\/v2\/product_tag?post=14987"}],"curies":[{"name":"wp","href":"https:\/\/api.w.org\/{rel}","templated":true}]}}