{"id":14996,"date":"2026-03-02T06:11:46","date_gmt":"2026-03-02T05:11:46","guid":{"rendered":"https:\/\/www.strasser-markt.at\/einkaufen\/?post_type=product&#038;p=14996"},"modified":"2026-03-02T06:12:40","modified_gmt":"2026-03-02T05:12:40","slug":"elmag-stromerzeuger-seb-7500wd-avr","status":"publish","type":"product","link":"https:\/\/www.strasser-markt.at\/einkaufen\/produkt\/elmag-stromerzeuger-seb-7500wd-avr\/","title":{"rendered":"ELMAG Stromerzeuger SEB 7500WD-AVR"},"content":{"rendered":"<div id=\"tab-label-description\" class=\"data item title active\" tabindex=\"0\" role=\"tab\" data-role=\"collapsible\" data-collapsible=\"true\" aria-controls=\"description\" aria-selected=\"false\" aria-expanded=\"true\">\n<h3>Vorteile<\/h3>\n<\/div>\n<div id=\"description\" class=\"data item content\" role=\"tabpanel\" aria-labelledby=\"tab-label-description\" data-role=\"content\" aria-hidden=\"false\">\n<div class=\"product attribute description\">\n<div class=\"value\">\n<ul class=\"attribute_description\">\n<li>Original Honda Viertakt Benzinmotor luftgek\u00fchlt<\/li>\n<li>AVR-Regelung f\u00fcr empfindliche Verbraucher serienm\u00e4\u00dfig<\/li>\n<li>Mit Honda EasyStart Handstartsystem bzw. je nach Modell mit Elektrostart System und wartungsfreier Startbatterie<\/li>\n<li>Thermischer Schutzschalter mit Abschaltung bei \u00dcberlast<\/li>\n<li>Abschaltautomatik bei \u00d6lmangel bzw. niedrigem \u00d6ldruck<\/li>\n<\/ul>\n<\/div>\n<\/div>\n<\/div>\n","protected":false},"excerpt":{"rendered":"<div class=\"techDateSection\">\n<div id=\"technicaldate\" class=\"technichenDate\">\n<div class=\"technichenDate-Title\">\n<h3>Technische Daten<\/h3>\n<\/div>\n<table class=\"specs-table\">\n<tbody>\n<tr>\n<td>Spannung &#8211; Frequenz<\/td>\n<td>400 \/ 230\/50 V\/Hz<\/td>\n<\/tr>\n<tr>\n<td>Maximalleistung 3~400V<\/td>\n<td>8 kVA<\/td>\n<\/tr>\n<tr>\n<td>Dauerleistung 3~400V<\/td>\n<td>7.2 kVA<\/td>\n<\/tr>\n<tr>\n<td>Leistung 3~400V kont.<\/td>\n<td>10 A<\/td>\n<\/tr>\n<tr>\n<td>Maximalleistung 1~230V<\/td>\n<td>3.8 kVA<\/td>\n<\/tr>\n<tr>\n<td>Dauerleistung 1~230V<\/td>\n<td>3.4 kVA<\/td>\n<\/tr>\n<tr>\n<td>Leistung 1~230V kont.<\/td>\n<td>14.4 A<\/td>\n<\/tr>\n<tr>\n<td>Kraftstoffart<\/td>\n<td>Benzin<\/td>\n<\/tr>\n<tr>\n<td>Drehzahl<\/td>\n<td>3000 UpM<\/td>\n<\/tr>\n<tr>\n<td>K\u00fchlung<\/td>\n<td>luftgek\u00fchlt<\/td>\n<\/tr>\n<tr>\n<td>Motortype<\/td>\n<td>Honda GX 390<\/td>\n<\/tr>\n<tr>\n<td>Abgasstufe<\/td>\n<td>5<\/td>\n<\/tr>\n<tr>\n<td>Motorleistung<\/td>\n<td>8,2 kW<\/td>\n<\/tr>\n<tr>\n<td>Hubraum<\/td>\n<td>389 cm\u00b3<\/td>\n<\/tr>\n<tr>\n<td>Zylinder<\/td>\n<td>1<\/td>\n<\/tr>\n<tr>\n<td>Tankinhalt<\/td>\n<td>6.1 l<\/td>\n<\/tr>\n<tr>\n<td>Verbrauch bei 75% Last<\/td>\n<td>2.8 l\/h<\/td>\n<\/tr>\n<tr>\n<td>Laufzeit je Tankf\u00fcllung bei 75% Last<\/td>\n<td>2.2 h<\/td>\n<\/tr>\n<tr>\n<td>Abmessungen LxBxH<\/td>\n<td>830x510x560 mm<\/td>\n<\/tr>\n<tr>\n<td>Gewicht (ohne Treibstoff)<\/td>\n<td>91 kg<\/td>\n<\/tr>\n<tr>\n<td>Schallleistung entspr. RL 2000\/14\/EG, 2005\/88\/EG<\/td>\n<td>97 LWA<\/td>\n<\/tr>\n<tr>\n<td>Schalldruckpegel in 7m<\/td>\n<td>72 dB(A)<\/td>\n<\/tr>\n<\/tbody>\n<\/table>\n<\/div>\n<\/div>\n<div class=\"subsituteSection\">\n<div class=\"elmag_substitute\"><\/div>\n<div class=\"downloadsLinks\">\n<div class=\"downloadTitle\"><\/div>\n<\/div>\n<\/div>\n<div class=\"categorySlider suitableAccessories\">\n<div class=\"sliderTitle\">\n<div class=\"first-slider\"><\/div>\n<\/div>\n<\/div>\n","protected":false},"featured_media":14997,"template":"","meta":[],"product_brand":[],"product_cat":[259],"product_tag":[],"class_list":{"0":"post-14996","1":"product","2":"type-product","3":"status-publish","4":"has-post-thumbnail","6":"product_cat-stromerzeuger","8":"first","9":"instock","10":"sale","11":"shipping-taxable","12":"purchasable","13":"product-type-simple","14":"add-to-wishlist-after_add_to_cart"},"_links":{"self":[{"href":"https:\/\/www.strasser-markt.at\/einkaufen\/wp-json\/wp\/v2\/product\/14996","targetHints":{"allow":["GET"]}}],"collection":[{"href":"https:\/\/www.strasser-markt.at\/einkaufen\/wp-json\/wp\/v2\/product"}],"about":[{"href":"https:\/\/www.strasser-markt.at\/einkaufen\/wp-json\/wp\/v2\/types\/product"}],"wp:featuredmedia":[{"embeddable":true,"href":"https:\/\/www.strasser-markt.at\/einkaufen\/wp-json\/wp\/v2\/media\/14997"}],"wp:attachment":[{"href":"https:\/\/www.strasser-markt.at\/einkaufen\/wp-json\/wp\/v2\/media?parent=14996"}],"wp:term":[{"taxonomy":"product_brand","embeddable":true,"href":"https:\/\/www.strasser-markt.at\/einkaufen\/wp-json\/wp\/v2\/product_brand?post=14996"},{"taxonomy":"product_cat","embeddable":true,"href":"https:\/\/www.strasser-markt.at\/einkaufen\/wp-json\/wp\/v2\/product_cat?post=14996"},{"taxonomy":"product_tag","embeddable":true,"href":"https:\/\/www.strasser-markt.at\/einkaufen\/wp-json\/wp\/v2\/product_tag?post=14996"}],"curies":[{"name":"wp","href":"https:\/\/api.w.org\/{rel}","templated":true}]}}